{"id":773,"date":"2022-09-20T11:33:08","date_gmt":"2022-09-20T09:33:08","guid":{"rendered":"https:\/\/muaret-textil.com\/home\/"},"modified":"2023-11-24T15:28:06","modified_gmt":"2023-11-24T13:28:06","slug":"home","status":"publish","type":"page","link":"https:\/\/muaret-textil.com\/en\/","title":{"rendered":"Home"},"content":{"rendered":"\n\n\t<section class=\"section\" id=\"section_1685463213\">\n\t\t<div class=\"section-bg fill\" >\n\t\t\t\t\t\t\t<div class=\"video-overlay no-click fill visible\"><\/div>\n\t<video class=\"video-bg fill visible\" preload playsinline autoplay muted loop>\n\t\t<source src=\"https:\/\/muaret-textil.com\/wp-content\/uploads\/2023\/01\/Untitled.mp4\" type=\"video\/mp4\"><source src=\"https:\/\/muaret-textil.com\/wp-content\/uploads\/2023\/01\/Muaret-Textil-intro-1.webm\" type=\"video\/webm\">\t<\/video>\n\t\t\t\n\t\t\t\n\n\t\t<\/div>\n\n\t\t\n\n\t\t<div class=\"section-content relative\">\n\t\t\t\n\n<div class=\"row\"  id=\"row-1857915593\">\n\n\n\t<div id=\"col-470369320\" class=\"col small-12 large-12\"  >\n\t\t\t\t<div class=\"col-inner text-center dark\"  >\n\t\t\t\n\t\t\t\n\n\t<div id=\"text-2369345031\" class=\"text\">\n\t\t\n\n<h1 class=\"uppercase\">TAILOR-MADE TEXTILE SOLUTIONS<\/h1>\n<h2 class=\"thin-font\">Manufacturing unique fabrics for over 40 years<\/h2>\n\t\t\n<style>\n#text-2369345031 {\n  font-size: 1.2rem;\n  line-height: 2;\n  text-align: center;\n  color: rgb(255,255,255);\n}\n#text-2369345031 > * {\n  color: rgb(255,255,255);\n}\n<\/style>\n\t<\/div>\n\t\n\n\t\t<\/div>\n\t\t\t\t\t<\/div>\n\n\t\n\n<\/div>\n\n\t\t<\/div>\n\n\t\t\n<style>\n#section_1685463213 {\n  padding-top: 200px;\n  padding-bottom: 200px;\n}\n<\/style>\n\t<\/section>\n\t\n\n\t<section class=\"section\" id=\"section_1864484587\">\n\t\t<div class=\"section-bg fill\" >\n\t\t\t\t\t\t\t\t\t<div class=\"section-bg-overlay absolute fill\"><\/div>\n\t\t\t\n\n\t\t<\/div>\n\n\t\t\n\n\t\t<div class=\"section-content relative\">\n\t\t\t\n\n<div class=\"row row-large align-middle\"  id=\"row-1251565440\">\n\n\n\t<div id=\"col-1462550334\" class=\"col medium-6 small-12 large-6\"  >\n\t\t\t\t<div class=\"col-inner text-left\"  >\n\t\t\t\n\t\t\t\n\n\t<div id=\"text-2308912807\" class=\"text\">\n\t\t\n\n<h2>We create <em>CUSTOMIZED<\/em> technical fabrics<\/h2>\n\t\t\n<style>\n#text-2308912807 {\n  color: rgb(0, 0, 0);\n}\n#text-2308912807 > * {\n  color: rgb(0, 0, 0);\n}\n<\/style>\n\t<\/div>\n\t\n<div class=\"is-divider divider clearfix\" style=\"max-width:200px;height:1px;background-color:rgb(0, 0, 0);\"><\/div>\n\n\t<div id=\"text-959088049\" class=\"text\">\n\t\t\n\n<p>We design, manufacture and finish technical plain and Jacquard fabrics for passenger seats, complying with specific European standards. We adapt to the requirements of each client<\/p>\n\n\t\t\n<style>\n#text-959088049 {\n  color: rgb(0,0,0);\n}\n#text-959088049 > * {\n  color: rgb(0,0,0);\n}\n<\/style>\n\t<\/div>\n\t\n<a href=\"https:\/\/muaret-textil.com\/en\/technical-fabrics\/\" class=\"button primary is-outline is-large btn-muaret\" >\n\t\t<span>Learn more<\/span>\n\t<\/a>\n\n\n\n\t\t<\/div>\n\t\t\t\t\t<\/div>\n\n\t\n\n\t<div id=\"col-65281817\" class=\"col medium-6 small-12 large-6\"  >\n\t\t\t\t<div class=\"col-inner\"  >\n\t\t\t\n\t\t\t\n\n\t<div class=\"img has-hover x md-x lg-x y md-y lg-y\" id=\"image_33018154\">\n\t\t\t\t\t\t\t\t<div class=\"img-inner image-cover dark\" style=\"padding-top:100%;\">\n\t\t\t<img loading=\"lazy\" decoding=\"async\" width=\"1020\" height=\"680\" src=\"https:\/\/muaret-textil.com\/wp-content\/uploads\/2022\/10\/Muaret-Textil-Tejido-tecnico-1024x683.webp\" class=\"attachment-large size-large\" alt=\"Muaret Textil Tejido tecnico\" srcset=\"https:\/\/muaret-textil.com\/wp-content\/uploads\/2022\/10\/Muaret-Textil-Tejido-tecnico-1024x683.webp 1024w, https:\/\/muaret-textil.com\/wp-content\/uploads\/2022\/10\/Muaret-Textil-Tejido-tecnico-300x200.webp 300w, https:\/\/muaret-textil.com\/wp-content\/uploads\/2022\/10\/Muaret-Textil-Tejido-tecnico-768x512.webp 768w, https:\/\/muaret-textil.com\/wp-content\/uploads\/2022\/10\/Muaret-Textil-Tejido-tecnico-1536x1024.webp 1536w, https:\/\/muaret-textil.com\/wp-content\/uploads\/2022\/10\/Muaret-Textil-Tejido-tecnico-2048x1365.webp 2048w\" sizes=\"auto, (max-width: 1020px) 100vw, 1020px\" \/>\t\t\t\t\t\t\n\t\t\t\t\t<\/div>\n\t\t\t\t\t\t\t\t\n<style>\n#image_33018154 {\n  width: 100%;\n}\n<\/style>\n\t<\/div>\n\t\n\n\t<div class=\"img has-hover x md-x lg-x y md-y lg-y\" id=\"image_731618565\">\n\t\t\t\t\t\t\t\t<div class=\"img-inner box-shadow-2 dark\" >\n\t\t\t\t\t\t\t\t\t\n\t\t\t\t\t<\/div>\n\t\t\t\t\t\t\t\t\n<style>\n#image_731618565 {\n  width: 100%;\n}\n<\/style>\n\t<\/div>\n\t\n\n\n\t\t<\/div>\n\t\t\t\t\t<\/div>\n\n\t\n\n<\/div>\n<div class=\"row row-large align-middle\"  id=\"row-663195140\">\n\n\n\t<div id=\"col-542046237\" class=\"col medium-6 small-12 large-6\"  >\n\t\t\t\t<div class=\"col-inner\"  >\n\t\t\t\n\t\t\t\n\n\t<div class=\"img has-hover x md-x lg-x y md-y lg-y\" id=\"image_1239540533\">\n\t\t\t\t\t\t\t\t<div class=\"img-inner image-cover box-shadow-2 dark\" style=\"padding-top:100%;\">\n\t\t\t<img loading=\"lazy\" decoding=\"async\" width=\"1020\" height=\"680\" src=\"https:\/\/muaret-textil.com\/wp-content\/uploads\/2022\/10\/Muaret-Textil-Trajes-Regionales-1024x683.webp\" class=\"attachment-large size-large\" alt=\"\" srcset=\"https:\/\/muaret-textil.com\/wp-content\/uploads\/2022\/10\/Muaret-Textil-Trajes-Regionales-1024x683.webp 1024w, https:\/\/muaret-textil.com\/wp-content\/uploads\/2022\/10\/Muaret-Textil-Trajes-Regionales-300x200.webp 300w, https:\/\/muaret-textil.com\/wp-content\/uploads\/2022\/10\/Muaret-Textil-Trajes-Regionales-768x512.webp 768w, https:\/\/muaret-textil.com\/wp-content\/uploads\/2022\/10\/Muaret-Textil-Trajes-Regionales-1536x1024.webp 1536w, https:\/\/muaret-textil.com\/wp-content\/uploads\/2022\/10\/Muaret-Textil-Trajes-Regionales-2048x1365.webp 2048w\" sizes=\"auto, (max-width: 1020px) 100vw, 1020px\" \/>\t\t\t\t\t\t\n\t\t\t\t\t<\/div>\n\t\t\t\t\t\t\t\t\n<style>\n#image_1239540533 {\n  width: 100%;\n}\n<\/style>\n\t<\/div>\n\t\n\n\n\t\t<\/div>\n\t\t\t\t\t<\/div>\n\n\t\n\n\t<div id=\"col-223096577\" class=\"col medium-6 small-12 large-6 small-col-first\"  >\n\t\t\t\t<div class=\"col-inner text-left\"  >\n\t\t\t\n\t\t\t\n\n<h2><em>WE DESIGN<\/em> fabrics for regional costumes<\/h2>\n<div class=\"is-divider divider clearfix\" style=\"max-width:200px;height:1px;background-color:rgb(0, 0, 0);\"><\/div>\n\n\t<div id=\"text-3158705662\" class=\"text\">\n\t\t\n\n<p>We design, manufacture and finish fabrics for the manufacture of regional costumes with complex, colorful and bright prints.<\/p>\n\n\t\t\n<style>\n#text-3158705662 {\n  color: rgb(0, 0, 0);\n}\n#text-3158705662 > * {\n  color: rgb(0, 0, 0);\n}\n<\/style>\n\t<\/div>\n\t\n<a href=\"https:\/\/muaret-textil.com\/en\/traditional-fabrics\/\" class=\"button primary is-outline is-large btn-muaret\" >\n\t\t<span>Learn more<\/span>\n\t<\/a>\n\n\n\n\t\t<\/div>\n\t\t\t\t\t<\/div>\n\n\t\n\n<\/div>\n\n\t\t<\/div>\n\n\t\t\n<style>\n#section_1864484587 {\n  padding-top: 60px;\n  padding-bottom: 60px;\n  background-color: rgb(255, 255, 255);\n}\n#section_1864484587 .section-bg-overlay {\n  background-color: rgba(255, 255, 255, 0.85);\n}\n<\/style>\n\t<\/section>\n\t\n\n\t<section class=\"section dark\" id=\"section_155543485\">\n\t\t<div class=\"section-bg fill\" >\n\t\t\t\t\t\t\t\t\t\n\t\t\t\n\n\t\t<\/div>\n\n\t\t\n\n\t\t<div class=\"section-content relative\">\n\t\t\t\n\n<div class=\"row align-center\"  id=\"row-1962131476\">\n\n\n\t<div id=\"col-1428339708\" class=\"col small-12 large-12\"  >\n\t\t\t\t<div class=\"col-inner text-center\"  >\n\t\t\t\n\t\t\t\n\n\t<div id=\"text-2282941189\" class=\"text\">\n\t\t\n\n<h2>YOU CAN FIND OUR FABRICS IN<\/h2>\n\t\t\n<style>\n#text-2282941189 {\n  color: rgb(0,0,0);\n}\n#text-2282941189 > * {\n  color: rgb(0,0,0);\n}\n<\/style>\n\t<\/div>\n\t\n\n\t\t<\/div>\n\t\t\t\t\n<style>\n#col-1428339708 > .col-inner {\n  padding: 0px 0px 0px 0px;\n  margin: 0px 0px -30px 0px;\n}\n<\/style>\n\t<\/div>\n\n\t\n\n\t<div id=\"col-1285244852\" class=\"col medium-2 small-4 large-2\"  >\n\t\t\t\t<div class=\"col-inner text-center\"  >\n\t\t\t\n\t\t\t\n\n\t<div class=\"img has-hover x md-x lg-x y md-y lg-y\" id=\"image_1902903952\">\n\t\t\t\t\t\t\t\t<div class=\"img-inner dark\" >\n\t\t\t<img loading=\"lazy\" decoding=\"async\" width=\"500\" height=\"500\" src=\"https:\/\/muaret-textil.com\/wp-content\/uploads\/2022\/11\/3-removebg-preview.png\" class=\"attachment-large size-large\" alt=\"\" srcset=\"https:\/\/muaret-textil.com\/wp-content\/uploads\/2022\/11\/3-removebg-preview.png 500w, https:\/\/muaret-textil.com\/wp-content\/uploads\/2022\/11\/3-removebg-preview-300x300.png 300w, https:\/\/muaret-textil.com\/wp-content\/uploads\/2022\/11\/3-removebg-preview-150x150.png 150w\" sizes=\"auto, (max-width: 500px) 100vw, 500px\" \/>\t\t\t\t\t\t\n\t\t\t\t\t<\/div>\n\t\t\t\t\t\t\t\t\n<style>\n#image_1902903952 {\n  width: 100%;\n}\n<\/style>\n\t<\/div>\n\t\n\n\n\t\t<\/div>\n\t\t\t\t\n<style>\n#col-1285244852 > .col-inner {\n  padding: 0px 0px 0px 0px;\n}\n<\/style>\n\t<\/div>\n\n\t\n\n\t<div id=\"col-425696207\" class=\"col medium-2 small-4 large-2\"  >\n\t\t\t\t<div class=\"col-inner\"  >\n\t\t\t\n\t\t\t\n\n\t<div class=\"img has-hover x md-x lg-x y md-y lg-y\" id=\"image_204514359\">\n\t\t\t\t\t\t\t\t<div class=\"img-inner dark\" >\n\t\t\t<img loading=\"lazy\" decoding=\"async\" width=\"500\" height=\"500\" src=\"https:\/\/muaret-textil.com\/wp-content\/uploads\/2023\/02\/stadler-logo.webp\" class=\"attachment-large size-large\" alt=\"stadler-logo\" srcset=\"https:\/\/muaret-textil.com\/wp-content\/uploads\/2023\/02\/stadler-logo.webp 500w, https:\/\/muaret-textil.com\/wp-content\/uploads\/2023\/02\/stadler-logo-300x300.webp 300w, https:\/\/muaret-textil.com\/wp-content\/uploads\/2023\/02\/stadler-logo-150x150.webp 150w\" sizes=\"auto, (max-width: 500px) 100vw, 500px\" \/>\t\t\t\t\t\t\n\t\t\t\t\t<\/div>\n\t\t\t\t\t\t\t\t\n<style>\n#image_204514359 {\n  width: 100%;\n}\n<\/style>\n\t<\/div>\n\t\n\n\n\t\t<\/div>\n\t\t\t\t\t<\/div>\n\n\t\n\n\t<div id=\"col-1419193646\" class=\"col medium-2 small-4 large-2\"  >\n\t\t\t\t<div class=\"col-inner text-center\"  >\n\t\t\t\n\t\t\t\n\n\t<div class=\"img has-hover x md-x lg-x y md-y lg-y\" id=\"image_1835486349\">\n\t\t\t\t\t\t\t\t<div class=\"img-inner dark\" >\n\t\t\t<img loading=\"lazy\" decoding=\"async\" width=\"500\" height=\"500\" src=\"https:\/\/muaret-textil.com\/wp-content\/uploads\/2022\/11\/2-removebg-preview.png\" class=\"attachment-large size-large\" alt=\"\" srcset=\"https:\/\/muaret-textil.com\/wp-content\/uploads\/2022\/11\/2-removebg-preview.png 500w, https:\/\/muaret-textil.com\/wp-content\/uploads\/2022\/11\/2-removebg-preview-300x300.png 300w, https:\/\/muaret-textil.com\/wp-content\/uploads\/2022\/11\/2-removebg-preview-150x150.png 150w\" sizes=\"auto, (max-width: 500px) 100vw, 500px\" \/>\t\t\t\t\t\t\n\t\t\t\t\t<\/div>\n\t\t\t\t\t\t\t\t\n<style>\n#image_1835486349 {\n  width: 100%;\n}\n<\/style>\n\t<\/div>\n\t\n\n\n\t\t<\/div>\n\t\t\t\t\t<\/div>\n\n\t\n\n\t<div id=\"col-565949494\" class=\"col medium-2 small-4 large-2\"  >\n\t\t\t\t<div class=\"col-inner text-center\"  >\n\t\t\t\n\t\t\t\n\n\t<div class=\"img has-hover x md-x lg-x y md-y lg-y\" id=\"image_171692029\">\n\t\t\t\t\t\t\t\t<div class=\"img-inner dark\" >\n\t\t\t<img loading=\"lazy\" decoding=\"async\" width=\"500\" height=\"500\" src=\"https:\/\/muaret-textil.com\/wp-content\/uploads\/2022\/12\/alstom-1.webp\" class=\"attachment-large size-large\" alt=\"\" srcset=\"https:\/\/muaret-textil.com\/wp-content\/uploads\/2022\/12\/alstom-1.webp 500w, https:\/\/muaret-textil.com\/wp-content\/uploads\/2022\/12\/alstom-1-300x300.webp 300w, https:\/\/muaret-textil.com\/wp-content\/uploads\/2022\/12\/alstom-1-150x150.webp 150w\" sizes=\"auto, (max-width: 500px) 100vw, 500px\" \/>\t\t\t\t\t\t\n\t\t\t\t\t<\/div>\n\t\t\t\t\t\t\t\t\n<style>\n#image_171692029 {\n  width: 100%;\n}\n<\/style>\n\t<\/div>\n\t\n\n\n\t\t<\/div>\n\t\t\t\t\t<\/div>\n\n\t\n\n\t<div id=\"col-1812665683\" class=\"col medium-2 small-4 large-2\"  >\n\t\t\t\t<div class=\"col-inner text-center\"  >\n\t\t\t\n\t\t\t\n\n\t<div class=\"img has-hover x md-x lg-x y md-y lg-y\" id=\"image_309681866\">\n\t\t\t\t\t\t\t\t<div class=\"img-inner dark\" >\n\t\t\t<img loading=\"lazy\" decoding=\"async\" width=\"500\" height=\"500\" src=\"https:\/\/muaret-textil.com\/wp-content\/uploads\/2022\/12\/talgo-1.webp\" class=\"attachment-large size-large\" alt=\"\" srcset=\"https:\/\/muaret-textil.com\/wp-content\/uploads\/2022\/12\/talgo-1.webp 500w, https:\/\/muaret-textil.com\/wp-content\/uploads\/2022\/12\/talgo-1-300x300.webp 300w, https:\/\/muaret-textil.com\/wp-content\/uploads\/2022\/12\/talgo-1-150x150.webp 150w\" sizes=\"auto, (max-width: 500px) 100vw, 500px\" \/>\t\t\t\t\t\t\n\t\t\t\t\t<\/div>\n\t\t\t\t\t\t\t\t\n<style>\n#image_309681866 {\n  width: 100%;\n}\n<\/style>\n\t<\/div>\n\t\n\n\n\t\t<\/div>\n\t\t\t\t\t<\/div>\n\n\t\n\n\t<div id=\"col-1193840722\" class=\"col medium-2 small-4 large-2\"  >\n\t\t\t\t<div class=\"col-inner\"  >\n\t\t\t\n\t\t\t\n\n\t<div class=\"img has-hover x md-x lg-x y md-y lg-y\" id=\"image_606570808\">\n\t\t\t\t\t\t\t\t<div class=\"img-inner dark\" >\n\t\t\t<img loading=\"lazy\" decoding=\"async\" width=\"500\" height=\"500\" src=\"https:\/\/muaret-textil.com\/wp-content\/uploads\/2022\/12\/caf.webp\" class=\"attachment-large size-large\" alt=\"caf\" srcset=\"https:\/\/muaret-textil.com\/wp-content\/uploads\/2022\/12\/caf.webp 500w, https:\/\/muaret-textil.com\/wp-content\/uploads\/2022\/12\/caf-300x300.webp 300w, https:\/\/muaret-textil.com\/wp-content\/uploads\/2022\/12\/caf-150x150.webp 150w\" sizes=\"auto, (max-width: 500px) 100vw, 500px\" \/>\t\t\t\t\t\t\n\t\t\t\t\t<\/div>\n\t\t\t\t\t\t\t\t\n<style>\n#image_606570808 {\n  width: 100%;\n}\n<\/style>\n\t<\/div>\n\t\n\n\n\t\t<\/div>\n\t\t\t\t\t<\/div>\n\n\t\n\n<\/div>\n\n\t\t<\/div>\n\n\t\t\n<style>\n#section_155543485 {\n  padding-top: 30px;\n  padding-bottom: 30px;\n  background-color: rgba(0, 0, 0, 0.157);\n}\n<\/style>\n\t<\/section>\n\t\n\n\t<section class=\"section\" id=\"section_4615549\">\n\t\t<div class=\"section-bg fill\" >\n\t\t\t\t\t\t\t\t\t\n\t\t\t\n\n\t\t<\/div>\n\n\t\t\n\n\t\t<div class=\"section-content relative\">\n\t\t\t\n\n<div class=\"row align-center\"  id=\"row-398156200\">\n\n\n\t<div id=\"col-128921289\" class=\"col medium-9 small-12 large-9\"  >\n\t\t\t\t<div class=\"col-inner\"  >\n\t\t\t\n\t\t\t\n\n<div class=\"video video-fit mb\" style=\"padding-top:56.25%;\"><iframe loading=\"lazy\" title=\"Muaret textil - Soluciones textiles a medida\" width=\"1020\" height=\"574\" src=\"https:\/\/www.youtube.com\/embed\/ygVTta8bSzc?feature=oembed\" frameborder=\"0\" allow=\"accelerometer; autoplay; clipboard-write; encrypted-media; gyroscope; picture-in-picture; web-share\" allowfullscreen><\/iframe><\/div>\n\n\n\t\t<\/div>\n\t\t\t\t\t<\/div>\n\n\t\n\n<\/div>\n\n\t\t<\/div>\n\n\t\t\n<style>\n#section_4615549 {\n  padding-top: 30px;\n  padding-bottom: 30px;\n}\n<\/style>\n\t<\/section>\n\t\n\n\t<section class=\"section\" id=\"section_1209270494\">\n\t\t<div class=\"section-bg fill\" >\n\t\t\t\t\t\t\t\t\t\n\t\t\t\n\n\t\t<\/div>\n\n\t\t\n\n\t\t<div class=\"section-content relative\">\n\t\t\t\n\n<div class=\"row\"  id=\"row-1531832858\">\n\n\n\t<div id=\"col-1571155481\" class=\"col small-12 large-12\"  >\n\t\t\t\t<div class=\"col-inner\"  >\n\t\t\t\n\t\t\t\n\n\t<div id=\"text-1131673410\" class=\"text\">\n\t\t\n\n<p>As manufacturers of high-quality textiles, we have extensive experience, a strong commitment to producing superior fabrics, and a deep dedication to excellence.<\/p>\n<p>At Muaret Textile, we work with high-quality raw materials, applying advanced technology, supported by a great design and development team, and ensuring rigorous quality control, meeting all standards and certifications.<br>Our focus on quality, sustainability, and innovation sets us apart in the industry and makes us reliable suppliers for demanding companies.<\/p>\n<p>As a manufacturer of fabrics and textiles, we are a company specialized in the creation of unique and customized fabrics according to the needs and specifications of each customer. We offer the opportunity to create exclusive fabrics that perfectly match the design, quality and style requirements of each customer.<\/p>\n<p>When considering Muaret Textile as your manufacturer of high-quality fabrics and textiles, you can expect:<\/p>\n<ul>\n<li type=\"disc\">\n<p><strong>Consultation and design:<\/strong> We work closely with our customers to understand their needs and preferences. We conduct an initial consultation where we discuss the details of the project, design, pattern, yarns, materials, colors and technical specifications. We have expert textile designers who will help translate your ideas into a tangible design.<\/p>\n<\/li>\n<li type=\"disc\">\n<p><strong>Material selection:<\/strong> Once the design has been defined, we will select the appropriate materials to create the fabric. As a manufacturer of high quality fabrics, we offer a wide range of options, such as polyamide and wool, polyester and rayon, among others.<\/p>\n<\/li>\n<li type=\"disc\">\n<p><strong>Production process:<\/strong> In our projects, we apply specialized production techniques to create the fabrics according to the agreed design. We use different weaving methods: conventional loom, Jacquard weaving, yarn dyeing and other specific processes to achieve the desired result. During this process, constant communication will be maintained with the customer to ensure that the final product meets their expectations.<\/p>\n<\/li>\n<li type=\"disc\">\n<p><strong>Quality control:<\/strong> We take care of the quality of our products and perform rigorous quality controls at each stage of the production process. This ensures that the fabric meets the desired standards of strength, durability, color, texture and finish.<\/p>\n<\/li>\n<li type=\"disc\">\n<p><strong>Volume and lead times:<\/strong> When looking for a custom fabric manufacturer, it is important to consider their production capacity and lead times. We will be sure to discuss these aspects before starting the process.<\/p>\n<\/li>\n<li type=\"disc\">\n<p><strong>Costs:<\/strong> Prices for custom fabrics and textiles may vary depending on several factors, such as materials, design, complexity of the project, and quantity ordered. It is important to consider the budget and discuss costs with the manufacturer before starting the project.<\/p>\n<\/li>\n<\/ul>\n<p>When working with Muaret Textil, manufacturers of high-quality fabrics, you can obtain exclusive and unique fabrics for your projects, whether <a href=\"https:\/\/muaret-textil.com\/en\/technical-fabrics\/\">technical fabrics<\/a> or <a href=\"https:\/\/muaret-textil.com\/en\/traditional-fabrics\/\">fabrics for regional costumes<\/a>, our main areas of specialization.<br>We are a company with experience, reputation and ability to meet customer requirements and expectations.<\/p>\n\n\t\t\n<style>\n#text-1131673410 {\n  font-size: 1.2rem;\n}\n<\/style>\n\t<\/div>\n\t\n\n\t\t<\/div>\n\t\t\t\t\t<\/div>\n\n\t\n\n<\/div>\n\n\t\t<\/div>\n\n\t\t\n<style>\n#section_1209270494 {\n  padding-top: 30px;\n  padding-bottom: 30px;\n}\n<\/style>\n\t<\/section>\n\t\n\n","protected":false},"excerpt":{"rendered":"","protected":false},"author":3,"featured_media":0,"parent":0,"menu_order":0,"comment_status":"closed","ping_status":"closed","template":"page-blank.php","meta":{"footnotes":""},"class_list":["post-773","page","type-page","status-publish","hentry"],"yoast_head":"<!-- This site is optimized with the Yoast SEO plugin v27.1.1 - https:\/\/yoast.com\/product\/yoast-seo-wordpress\/ -->\n<title>High-quality textile manufacturers | Muaret Textil<\/title>\n<meta name=\"description\" content=\"We are a company that designs and manufactures high-quality fabrics for transporting people and for regional costumes. Experience over 40 years. \u00a1Get in!\" \/>\n<meta name=\"robots\" content=\"index, follow, max-snippet:-1, max-image-preview:large, max-video-preview:-1\" \/>\n<link rel=\"canonical\" href=\"https:\/\/muaret-textil.com\/en\/\" \/>\n<meta property=\"og:locale\" content=\"en_US\" \/>\n<meta property=\"og:type\" content=\"article\" \/>\n<meta property=\"og:title\" content=\"High-quality textile manufacturers | Muaret Textil\" \/>\n<meta property=\"og:description\" content=\"We are a company that designs and manufactures high-quality fabrics for transporting people and for regional costumes. Experience over 40 years. \u00a1Get in!\" \/>\n<meta property=\"og:url\" content=\"https:\/\/muaret-textil.com\/en\/\" \/>\n<meta property=\"og:site_name\" content=\"Muaret Textil\" \/>\n<meta property=\"article:modified_time\" content=\"2023-11-24T13:28:06+00:00\" \/>\n<meta name=\"twitter:card\" content=\"summary_large_image\" \/>\n<meta name=\"twitter:label1\" content=\"Est. reading time\" \/>\n\t<meta name=\"twitter:data1\" content=\"4 minutes\" \/>\n<script type=\"application\/ld+json\" class=\"yoast-schema-graph\">{\"@context\":\"https:\/\/schema.org\",\"@graph\":[{\"@type\":\"WebPage\",\"@id\":\"https:\/\/muaret-textil.com\/en\/\",\"url\":\"https:\/\/muaret-textil.com\/en\/\",\"name\":\"High-quality textile manufacturers | Muaret Textil\",\"isPartOf\":{\"@id\":\"https:\/\/muaret-textil.com\/en\/#website\"},\"datePublished\":\"2022-09-20T09:33:08+00:00\",\"dateModified\":\"2023-11-24T13:28:06+00:00\",\"description\":\"We are a company that designs and manufactures high-quality fabrics for transporting people and for regional costumes. Experience over 40 years. \u00a1Get in!\",\"breadcrumb\":{\"@id\":\"https:\/\/muaret-textil.com\/en\/#breadcrumb\"},\"inLanguage\":\"en-US\",\"potentialAction\":[{\"@type\":\"ReadAction\",\"target\":[\"https:\/\/muaret-textil.com\/en\/\"]}]},{\"@type\":\"BreadcrumbList\",\"@id\":\"https:\/\/muaret-textil.com\/en\/#breadcrumb\",\"itemListElement\":[{\"@type\":\"ListItem\",\"position\":1,\"name\":\"Home\",\"item\":\"https:\/\/muaret-textil.com\/en\/home\/\"},{\"@type\":\"ListItem\",\"position\":2,\"name\":\"Home\"}]},{\"@type\":\"WebSite\",\"@id\":\"https:\/\/muaret-textil.com\/en\/#website\",\"url\":\"https:\/\/muaret-textil.com\/en\/\",\"name\":\"Muaret Textil\",\"description\":\"Dise\u00f1o, fabricaci\u00f3n y comercializaci\u00f3n de tejidos t\u00e9cnicos\",\"publisher\":{\"@id\":\"https:\/\/muaret-textil.com\/en\/#organization\"},\"potentialAction\":[{\"@type\":\"SearchAction\",\"target\":{\"@type\":\"EntryPoint\",\"urlTemplate\":\"https:\/\/muaret-textil.com\/en\/?s={search_term_string}\"},\"query-input\":{\"@type\":\"PropertyValueSpecification\",\"valueRequired\":true,\"valueName\":\"search_term_string\"}}],\"inLanguage\":\"en-US\"},{\"@type\":\"Organization\",\"@id\":\"https:\/\/muaret-textil.com\/en\/#organization\",\"name\":\"Muaret Textil\",\"url\":\"https:\/\/muaret-textil.com\/en\/\",\"logo\":{\"@type\":\"ImageObject\",\"inLanguage\":\"en-US\",\"@id\":\"https:\/\/muaret-textil.com\/en\/#\/schema\/logo\/image\/\",\"url\":\"https:\/\/muaret-textil.com\/wp-content\/uploads\/2022\/11\/logo-muaret.webp\",\"contentUrl\":\"https:\/\/muaret-textil.com\/wp-content\/uploads\/2022\/11\/logo-muaret.webp\",\"width\":542,\"height\":702,\"caption\":\"Muaret Textil\"},\"image\":{\"@id\":\"https:\/\/muaret-textil.com\/en\/#\/schema\/logo\/image\/\"}}]}<\/script>\n<!-- \/ Yoast SEO plugin. -->","yoast_head_json":{"title":"High-quality textile manufacturers | Muaret Textil","description":"We are a company that designs and manufactures high-quality fabrics for transporting people and for regional costumes. Experience over 40 years. \u00a1Get in!","robots":{"index":"index","follow":"follow","max-snippet":"max-snippet:-1","max-image-preview":"max-image-preview:large","max-video-preview":"max-video-preview:-1"},"canonical":"https:\/\/muaret-textil.com\/en\/","og_locale":"en_US","og_type":"article","og_title":"High-quality textile manufacturers | Muaret Textil","og_description":"We are a company that designs and manufactures high-quality fabrics for transporting people and for regional costumes. Experience over 40 years. \u00a1Get in!","og_url":"https:\/\/muaret-textil.com\/en\/","og_site_name":"Muaret Textil","article_modified_time":"2023-11-24T13:28:06+00:00","twitter_card":"summary_large_image","twitter_misc":{"Est. reading time":"4 minutes"},"schema":{"@context":"https:\/\/schema.org","@graph":[{"@type":"WebPage","@id":"https:\/\/muaret-textil.com\/en\/","url":"https:\/\/muaret-textil.com\/en\/","name":"High-quality textile manufacturers | Muaret Textil","isPartOf":{"@id":"https:\/\/muaret-textil.com\/en\/#website"},"datePublished":"2022-09-20T09:33:08+00:00","dateModified":"2023-11-24T13:28:06+00:00","description":"We are a company that designs and manufactures high-quality fabrics for transporting people and for regional costumes. Experience over 40 years. \u00a1Get in!","breadcrumb":{"@id":"https:\/\/muaret-textil.com\/en\/#breadcrumb"},"inLanguage":"en-US","potentialAction":[{"@type":"ReadAction","target":["https:\/\/muaret-textil.com\/en\/"]}]},{"@type":"BreadcrumbList","@id":"https:\/\/muaret-textil.com\/en\/#breadcrumb","itemListElement":[{"@type":"ListItem","position":1,"name":"Home","item":"https:\/\/muaret-textil.com\/en\/home\/"},{"@type":"ListItem","position":2,"name":"Home"}]},{"@type":"WebSite","@id":"https:\/\/muaret-textil.com\/en\/#website","url":"https:\/\/muaret-textil.com\/en\/","name":"Muaret Textil","description":"Dise\u00f1o, fabricaci\u00f3n y comercializaci\u00f3n de tejidos t\u00e9cnicos","publisher":{"@id":"https:\/\/muaret-textil.com\/en\/#organization"},"potentialAction":[{"@type":"SearchAction","target":{"@type":"EntryPoint","urlTemplate":"https:\/\/muaret-textil.com\/en\/?s={search_term_string}"},"query-input":{"@type":"PropertyValueSpecification","valueRequired":true,"valueName":"search_term_string"}}],"inLanguage":"en-US"},{"@type":"Organization","@id":"https:\/\/muaret-textil.com\/en\/#organization","name":"Muaret Textil","url":"https:\/\/muaret-textil.com\/en\/","logo":{"@type":"ImageObject","inLanguage":"en-US","@id":"https:\/\/muaret-textil.com\/en\/#\/schema\/logo\/image\/","url":"https:\/\/muaret-textil.com\/wp-content\/uploads\/2022\/11\/logo-muaret.webp","contentUrl":"https:\/\/muaret-textil.com\/wp-content\/uploads\/2022\/11\/logo-muaret.webp","width":542,"height":702,"caption":"Muaret Textil"},"image":{"@id":"https:\/\/muaret-textil.com\/en\/#\/schema\/logo\/image\/"}}]}},"_links":{"self":[{"href":"https:\/\/muaret-textil.com\/en\/wp-json\/wp\/v2\/pages\/773","targetHints":{"allow":["GET"]}}],"collection":[{"href":"https:\/\/muaret-textil.com\/en\/wp-json\/wp\/v2\/pages"}],"about":[{"href":"https:\/\/muaret-textil.com\/en\/wp-json\/wp\/v2\/types\/page"}],"author":[{"embeddable":true,"href":"https:\/\/muaret-textil.com\/en\/wp-json\/wp\/v2\/users\/3"}],"replies":[{"embeddable":true,"href":"https:\/\/muaret-textil.com\/en\/wp-json\/wp\/v2\/comments?post=773"}],"version-history":[{"count":28,"href":"https:\/\/muaret-textil.com\/en\/wp-json\/wp\/v2\/pages\/773\/revisions"}],"predecessor-version":[{"id":1003,"href":"https:\/\/muaret-textil.com\/en\/wp-json\/wp\/v2\/pages\/773\/revisions\/1003"}],"wp:attachment":[{"href":"https:\/\/muaret-textil.com\/en\/wp-json\/wp\/v2\/media?parent=773"}],"curies":[{"name":"wp","href":"https:\/\/api.w.org\/{rel}","templated":true}]}}