{"id":809,"date":"2022-11-03T19:25:28","date_gmt":"2022-11-03T17:25:28","guid":{"rendered":"https:\/\/muaret-textil.com\/traditional-fabrics\/"},"modified":"2024-04-23T13:42:20","modified_gmt":"2024-04-23T11:42:20","slug":"traditional-fabrics","status":"publish","type":"page","link":"https:\/\/muaret-textil.com\/en\/traditional-fabrics\/","title":{"rendered":"Regional fabrics"},"content":{"rendered":"\n\n\t<section class=\"section dark\" id=\"section_337623276\">\n\t\t<div class=\"section-bg fill\" >\n\t\t\t<img loading=\"lazy\" decoding=\"async\" width=\"2160\" height=\"1440\" src=\"https:\/\/muaret-textil.com\/wp-content\/uploads\/2022\/12\/tejidos-tradicionales-muaret.webp\" class=\"bg attachment- size-\" alt=\"tejidos tradicionales muaret\" \/>\t\t\t\t\t\t\n\t\t\t\n\n\t\t<\/div>\n\n\t\t\n\n\t\t<div class=\"section-content relative\">\n\t\t\t\n\n<div class=\"row\"  id=\"row-1855199637\">\n\n\n\t<div id=\"col-610114207\" class=\"col small-12 large-12\"  >\n\t\t\t\t<div class=\"col-inner\"  >\n\t\t\t\n\t\t\t\n\n\t<div id=\"text-194560905\" class=\"text\">\n\t\t\n\n<h1 class=\"uppercase\">Regional fabrics<\/h1>\n\t\t\n<style>\n#text-194560905 {\n  font-size: 2rem;\n  text-align: center;\n}\n<\/style>\n\t<\/div>\n\t\n\n\t\t<\/div>\n\t\t\t\t\t<\/div>\n\n\t\n\n<\/div>\n\n\t\t<\/div>\n\n\t\t\n<style>\n#section_337623276 {\n  padding-top: 90px;\n  padding-bottom: 90px;\n  background-color: rgb(40, 40, 40);\n}\n<\/style>\n\t<\/section>\n\t\n\n\t<section class=\"section\" id=\"section_252707240\">\n\t\t<div class=\"section-bg fill\" >\n\t\t\t\t\t\t\t\t\t<div class=\"section-bg-overlay absolute fill\"><\/div>\n\t\t\t\n\n\t\t<\/div>\n\n\t\t\n\n\t\t<div class=\"section-content relative\">\n\t\t\t\n\n<div class=\"row row-large align-middle\"  id=\"row-2138877774\">\n\n\n\t<div id=\"col-1008239202\" class=\"col medium-6 small-12 large-6\"  >\n\t\t\t\t<div class=\"col-inner text-left\"  >\n\t\t\t\n\t\t\t\n\n<h2>We create and manufacture EXCLUSIVE DESIGNS<\/h2>\n<div class=\"is-divider divider clearfix\" style=\"max-width:200px;height:1px;background-color:rgb(0, 0, 0);\"><\/div>\n\n<p>Our long experience in the production of fabrics for national traditions and regional religious representations makes it possible for thousands of people to proudly wear their unique dresses and costumes every year.<\/p>\n\n\t\t<\/div>\n\t\t\t\t\t<\/div>\n\n\t\n\n\t<div id=\"col-900456542\" class=\"col medium-6 small-12 large-6\"  >\n\t\t\t\t<div class=\"col-inner\"  >\n\t\t\t\n\t\t\t\n\n\t<div class=\"img has-hover x md-x lg-x y md-y lg-y\" id=\"image_245892038\">\n\t\t\t\t\t\t\t\t<div class=\"img-inner dark\" >\n\t\t\t<img loading=\"lazy\" decoding=\"async\" width=\"1020\" height=\"680\" src=\"https:\/\/muaret-textil.com\/wp-content\/uploads\/2022\/12\/tejidos-regionales-muaret-1024x683.webp\" class=\"attachment-large size-large\" alt=\"tejidos regionales muaret\" srcset=\"https:\/\/muaret-textil.com\/wp-content\/uploads\/2022\/12\/tejidos-regionales-muaret-1024x683.webp 1024w, https:\/\/muaret-textil.com\/wp-content\/uploads\/2022\/12\/tejidos-regionales-muaret-300x200.webp 300w, https:\/\/muaret-textil.com\/wp-content\/uploads\/2022\/12\/tejidos-regionales-muaret-768x512.webp 768w, https:\/\/muaret-textil.com\/wp-content\/uploads\/2022\/12\/tejidos-regionales-muaret-1536x1024.webp 1536w, https:\/\/muaret-textil.com\/wp-content\/uploads\/2022\/12\/tejidos-regionales-muaret-2048x1365.webp 2048w\" sizes=\"auto, (max-width: 1020px) 100vw, 1020px\" \/>\t\t\t\t\t\t\n\t\t\t\t\t<\/div>\n\t\t\t\t\t\t\t\t\n<style>\n#image_245892038 {\n  width: 100%;\n}\n<\/style>\n\t<\/div>\n\t\n\n\n\t\t<\/div>\n\t\t\t\t\t<\/div>\n\n\t\n\n<\/div>\n\n\t\t<\/div>\n\n\t\t\n<style>\n#section_252707240 {\n  padding-top: 60px;\n  padding-bottom: 60px;\n}\n#section_252707240 .section-bg-overlay {\n  background-color: rgba(255, 255, 255, 0.85);\n}\n<\/style>\n\t<\/section>\n\t\n\n\t<section class=\"section\" id=\"section_1616530252\">\n\t\t<div class=\"section-bg fill\" >\n\t\t\t\t\t\t\t\t\t\n\t\t\t\n\n\t\t<\/div>\n\n\t\t\n\n\t\t<div class=\"section-content relative\">\n\t\t\t\n\n<div class=\"row row-large align-middle\"  id=\"row-193931900\">\n\n\n\t<div id=\"col-1483185760\" class=\"col medium-6 small-12 large-6\"  >\n\t\t\t\t<div class=\"col-inner\"  >\n\t\t\t\n\t\t\t\n\n\t<div class=\"img has-hover x md-x lg-x y md-y lg-y\" id=\"image_41893928\">\n\t\t\t\t\t\t\t\t<div class=\"img-inner dark\" >\n\t\t\t<img loading=\"lazy\" decoding=\"async\" width=\"1020\" height=\"680\" src=\"https:\/\/muaret-textil.com\/wp-content\/uploads\/2022\/12\/tejidos-regionales-muaret-textil-1024x683.webp\" class=\"attachment-large size-large\" alt=\"\" srcset=\"https:\/\/muaret-textil.com\/wp-content\/uploads\/2022\/12\/tejidos-regionales-muaret-textil-1024x683.webp 1024w, https:\/\/muaret-textil.com\/wp-content\/uploads\/2022\/12\/tejidos-regionales-muaret-textil-300x200.webp 300w, https:\/\/muaret-textil.com\/wp-content\/uploads\/2022\/12\/tejidos-regionales-muaret-textil-768x512.webp 768w, https:\/\/muaret-textil.com\/wp-content\/uploads\/2022\/12\/tejidos-regionales-muaret-textil-1536x1024.webp 1536w, https:\/\/muaret-textil.com\/wp-content\/uploads\/2022\/12\/tejidos-regionales-muaret-textil-2048x1365.webp 2048w\" sizes=\"auto, (max-width: 1020px) 100vw, 1020px\" \/>\t\t\t\t\t\t\n\t\t\t\t\t<\/div>\n\t\t\t\t\t\t\t\t\n<style>\n#image_41893928 {\n  width: 100%;\n}\n<\/style>\n\t<\/div>\n\t\n\n\n\t\t<\/div>\n\t\t\t\t\t<\/div>\n\n\t\n\n\t<div id=\"col-1667451661\" class=\"col medium-6 small-12 large-6 small-col-first\"  >\n\t\t\t\t<div class=\"col-inner text-left\"  >\n\t\t\t\n\t\t\t\n\n<h2>INNOVATING fabrics year after year<\/h2>\n<div class=\"is-divider divider clearfix\" style=\"max-width:200px;height:1px;background-color:rgb(0, 0, 0);\"><\/div>\n\n<p>We work to improve the colors and designs of our fabrics without sacrificing excellence in quality and finish. We are proud to see how every year our fabrics dress the participants in the fallas of Valencia, the santeros of Andalucia or the baturras of Aragon.<\/p>\n\n\t\t<\/div>\n\t\t\t\t\t<\/div>\n\n\t\n\n<\/div>\n\n\t\t<\/div>\n\n\t\t\n<style>\n#section_1616530252 {\n  padding-top: 60px;\n  padding-bottom: 60px;\n}\n<\/style>\n\t<\/section>\n\t\n\n\t<section class=\"section\" id=\"section_483141303\">\n\t\t<div class=\"section-bg fill\" >\n\t\t\t\t\t\t\t\t\t\n\t\t\t\n\n\t\t<\/div>\n\n\t\t\n\n\t\t<div class=\"section-content relative\">\n\t\t\t\n\n<div class=\"row\"  id=\"row-767072871\">\n\n\n\t<div id=\"col-2019576657\" class=\"col small-12 large-12\"  >\n\t\t\t\t<div class=\"col-inner\"  >\n\t\t\t\n\t\t\t\n\n\t<div id=\"text-2813063641\" class=\"text\">\n\t\t\n\n<h3 class=\"uppercase\">UNIQUE SOLUTIONS FOR EACH TRADITION<\/h3>\n<h5 class=\"thin-font\" style=\"text-align: center;\">Pioneers in the traditional clothing sector throughout Spain.<\/h5>\n\t\t\n<style>\n#text-2813063641 {\n  text-align: center;\n}\n<\/style>\n\t<\/div>\n\t\n\n\t\t<\/div>\n\t\t\t\t\t<\/div>\n\n\t\n\n<\/div>\n<div class=\"row align-center\"  id=\"row-834849405\">\n\n\n\t<div id=\"col-1268937237\" class=\"col medium-5 small-6 large-5\"  >\n\t\t\t\t<div class=\"col-inner\"  >\n\t\t\t\n\t\t\t\n\n\t<div class=\"img has-hover x md-x lg-x y md-y lg-y\" id=\"image_1585978445\">\n\t\t<a class=\"\" href=\"https:\/\/muaret-textil.com\/en\/traditional-fabrics\/valencia\/\" >\t\t\t\t\t\t<div class=\"img-inner dark\" >\n\t\t\t<img loading=\"lazy\" decoding=\"async\" width=\"800\" height=\"600\" src=\"https:\/\/muaret-textil.com\/wp-content\/uploads\/2022\/12\/fallera-tejidos.webp\" class=\"attachment-large size-large\" alt=\"falleras tejidos regionales\" srcset=\"https:\/\/muaret-textil.com\/wp-content\/uploads\/2022\/12\/fallera-tejidos.webp 800w, https:\/\/muaret-textil.com\/wp-content\/uploads\/2022\/12\/fallera-tejidos-300x225.webp 300w, https:\/\/muaret-textil.com\/wp-content\/uploads\/2022\/12\/fallera-tejidos-768x576.webp 768w\" sizes=\"auto, (max-width: 800px) 100vw, 800px\" \/>\t\t\t\t\t\t\n\t\t\t\t\t<\/div>\n\t\t\t\t\t\t<\/a>\t\t\n<style>\n#image_1585978445 {\n  width: 100%;\n}\n<\/style>\n\t<\/div>\n\t\n\n\t<div id=\"text-110452929\" class=\"text\">\n\t\t\n\n<p>Fallas dresses in Valencia<\/p>\n\t\t\n<style>\n#text-110452929 {\n  text-align: center;\n}\n<\/style>\n\t<\/div>\n\t\n\n\t\t<\/div>\n\t\t\t\t\t<\/div>\n\n\t\n\n\t<div id=\"col-571437529\" class=\"col medium-5 small-6 large-5\"  >\n\t\t\t\t<div class=\"col-inner\"  >\n\t\t\t\n\t\t\t\n\n\t<div class=\"img has-hover x md-x lg-x y md-y lg-y\" id=\"image_914509265\">\n\t\t<a class=\"\" href=\"https:\/\/muaret-textil.com\/en\/traditional-fabrics\/aragon\/\" >\t\t\t\t\t\t<div class=\"img-inner dark\" >\n\t\t\t<img loading=\"lazy\" decoding=\"async\" width=\"800\" height=\"600\" src=\"https:\/\/muaret-textil.com\/wp-content\/uploads\/2022\/12\/baturras.webp\" class=\"attachment-large size-large\" alt=\"tejidos regionales baturras\" srcset=\"https:\/\/muaret-textil.com\/wp-content\/uploads\/2022\/12\/baturras.webp 800w, https:\/\/muaret-textil.com\/wp-content\/uploads\/2022\/12\/baturras-300x225.webp 300w, https:\/\/muaret-textil.com\/wp-content\/uploads\/2022\/12\/baturras-768x576.webp 768w\" sizes=\"auto, (max-width: 800px) 100vw, 800px\" \/>\t\t\t\t\t\t\n\t\t\t\t\t<\/div>\n\t\t\t\t\t\t<\/a>\t\t\n<style>\n#image_914509265 {\n  width: 100%;\n}\n<\/style>\n\t<\/div>\n\t\n\n\t<div id=\"text-3459779861\" class=\"text\">\n\t\t\n\n<p>Baturra dresses in Aragon<\/p>\n\t\t\n<style>\n#text-3459779861 {\n  text-align: center;\n}\n<\/style>\n\t<\/div>\n\t\n\n\t\t<\/div>\n\t\t\t\t\t<\/div>\n\n\t\n\n<\/div>\n\n\t\t<\/div>\n\n\t\t\n<style>\n#section_483141303 {\n  padding-top: 30px;\n  padding-bottom: 30px;\n}\n<\/style>\n\t<\/section>\n\t\n\n\t<section class=\"section\" id=\"section_1625475339\">\n\t\t<div class=\"section-bg fill\" >\n\t\t\t\t\t\t\t\t\t\n\t\t\t\n\n\t\t<\/div>\n\n\t\t\n\n\t\t<div class=\"section-content relative\">\n\t\t\t\n\n<div class=\"row align-center\"  id=\"row-2124983268\">\n\n\n\t<div id=\"col-1698085301\" class=\"col medium-9 small-12 large-9\"  >\n\t\t\t\t<div class=\"col-inner\"  >\n\t\t\t\n\t\t\t\n\n<p>Are you interested in knowing more about our fabrics?<br \/>\nWrite to us and we will contact you shortly to advise you and send you a budget.<\/p>\n\t<div id=\"text-4017549880\" class=\"text\">\n\t\t\n\n<h3><strong>Get in contact with us<\/strong><\/h3>\n\t\t\n<style>\n#text-4017549880 {\n  text-align: center;\n}\n<\/style>\n\t<\/div>\n\t\n\t<div id=\"gap-716362032\" class=\"gap-element clearfix\" style=\"display:block; height:auto;\">\n\t\t\n<style>\n#gap-716362032 {\n  padding-top: 15px;\n}\n<\/style>\n\t<\/div>\n\t\n\n\n<div class=\"wpcf7 no-js\" id=\"wpcf7-f8-o1\" lang=\"en-US\" dir=\"ltr\" data-wpcf7-id=\"8\">\n<div class=\"screen-reader-response\"><p role=\"status\" aria-live=\"polite\" aria-atomic=\"true\"><\/p> <ul><\/ul><\/div>\n<form action=\"\/en\/wp-json\/wp\/v2\/pages\/809#wpcf7-f8-o1\" method=\"post\" class=\"wpcf7-form init\" aria-label=\"Contact form\" novalidate=\"novalidate\" data-status=\"init\">\n<fieldset class=\"hidden-fields-container\"><input type=\"hidden\" name=\"_wpcf7\" value=\"8\" \/><input type=\"hidden\" name=\"_wpcf7_version\" value=\"6.1.5\" \/><input type=\"hidden\" name=\"_wpcf7_locale\" value=\"en_US\" \/><input type=\"hidden\" name=\"_wpcf7_unit_tag\" value=\"wpcf7-f8-o1\" \/><input type=\"hidden\" name=\"_wpcf7_container_post\" value=\"0\" \/><input type=\"hidden\" name=\"_wpcf7_posted_data_hash\" value=\"\" \/><input type=\"hidden\" name=\"_wpcf7_recaptcha_response\" value=\"\" \/>\n<\/fieldset>\n<p><label> Name and Surname*<br \/>\n<span class=\"wpcf7-form-control-wrap\" data-name=\"your-name\"><input size=\"40\" maxlength=\"400\" class=\"wpcf7-form-control wpcf7-text wpcf7-validates-as-required\" aria-required=\"true\" aria-invalid=\"false\" value=\"\" type=\"text\" name=\"your-name\" \/><\/span> <\/label>\n<\/p>\n<p><label> Company name*<br \/>\n<span class=\"wpcf7-form-control-wrap\" data-name=\"your-company\"><input size=\"40\" maxlength=\"400\" class=\"wpcf7-form-control wpcf7-text wpcf7-validates-as-required\" aria-required=\"true\" aria-invalid=\"false\" value=\"\" type=\"text\" name=\"your-company\" \/><\/span> <\/label>\n<\/p>\n<p><label> Country*<br \/>\n<span class=\"wpcf7-form-control-wrap\" data-name=\"your-country\"><input size=\"40\" maxlength=\"400\" class=\"wpcf7-form-control wpcf7-text wpcf7-validates-as-required\" aria-required=\"true\" aria-invalid=\"false\" value=\"\" type=\"text\" name=\"your-country\" \/><\/span> <\/label>\n<\/p>\n<p><label> Postal code*<br \/>\n<span class=\"wpcf7-form-control-wrap\" data-name=\"your-postalcode\"><input size=\"40\" maxlength=\"400\" class=\"wpcf7-form-control wpcf7-text wpcf7-validates-as-required\" aria-required=\"true\" aria-invalid=\"false\" value=\"\" type=\"text\" name=\"your-postalcode\" \/><\/span> <\/label>\n<\/p>\n<p><label> Email*<br \/>\n<span class=\"wpcf7-form-control-wrap\" data-name=\"your-email\"><input size=\"40\" maxlength=\"400\" class=\"wpcf7-form-control wpcf7-email wpcf7-validates-as-required wpcf7-text wpcf7-validates-as-email\" aria-required=\"true\" aria-invalid=\"false\" value=\"\" type=\"email\" name=\"your-email\" \/><\/span> <\/label>\n<\/p>\n<p><label> Phone*<br \/>\n<span class=\"wpcf7-form-control-wrap\" data-name=\"biz-phone\"><input size=\"40\" maxlength=\"400\" class=\"wpcf7-form-control wpcf7-tel wpcf7-validates-as-required wpcf7-text wpcf7-validates-as-tel\" aria-required=\"true\" aria-invalid=\"false\" value=\"\" type=\"tel\" name=\"biz-phone\" \/><\/span> <\/label>\n<\/p>\n<p><label> Business area*<br \/>\n<span class=\"wpcf7-form-control-wrap\" data-name=\"biz-area\"><select class=\"wpcf7-form-control wpcf7-select wpcf7-validates-as-required\" aria-required=\"true\" aria-invalid=\"false\" name=\"biz-area\"><option value=\"\">&#8212;Please choose an option&#8212;<\/option><option value=\"Technic fabrics\">Technic fabrics<\/option><option value=\"Regional fabrics\">Regional fabrics<\/option><option value=\"Others\">Others<\/option><\/select><\/span> <\/label>\n<\/p>\n<p><label> Message*<br \/>\n<span class=\"wpcf7-form-control-wrap\" data-name=\"your-message\"><textarea cols=\"40\" rows=\"10\" maxlength=\"2000\" class=\"wpcf7-form-control wpcf7-textarea wpcf7-validates-as-required\" aria-required=\"true\" aria-invalid=\"false\" name=\"your-message\"><\/textarea><\/span> <\/label>\n<\/p>\n<div class=\"consent\">\n\t<p><span class=\"wpcf7-form-control-wrap\" data-name=\"acceptance-461\"><span class=\"wpcf7-form-control wpcf7-acceptance\"><span class=\"wpcf7-list-item\"><label><input type=\"checkbox\" name=\"acceptance-461\" value=\"1\" aria-invalid=\"false\" \/><span class=\"wpcf7-list-item-label\">I have read and accept the <a href=\"https:\/\/muaret-textil.com\/en\/privacy-policy\/\"> Privacy Policy<\/a>*<\/span><\/label><\/span><\/span><\/span>\n\t<\/p>\n<\/div>\n<p><input class=\"wpcf7-form-control wpcf7-submit has-spinner\" type=\"submit\" value=\"Send\" \/>\n<\/p><div class=\"wpcf7-response-output\" aria-hidden=\"true\"><\/div>\n<\/form>\n<\/div>\n\n\n\n\t\t<\/div>\n\t\t\t\t\t<\/div>\n\n\t\n\n<\/div>\n\n\t\t<\/div>\n\n\t\t\n<style>\n#section_1625475339 {\n  padding-top: 30px;\n  padding-bottom: 30px;\n}\n<\/style>\n\t<\/section>\n\t\n\n\t<section class=\"section\" id=\"section_1579882811\">\n\t\t<div class=\"section-bg fill\" >\n\t\t\t\t\t\t\t\t\t\n\t\t\t\n\n\t\t<\/div>\n\n\t\t\n\n\t\t<div class=\"section-content relative\">\n\t\t\t\n\n<div class=\"row\"  id=\"row-73454514\">\n\n\n\t<div id=\"col-774369002\" class=\"col small-12 large-12\"  >\n\t\t\t\t<div class=\"col-inner\"  >\n\t\t\t\n\t\t\t\n\n\t<div id=\"text-389882884\" class=\"text\">\n\t\t\n\n<p>The regional dresses and costumes in Spain are an important part of the culture and traditions of each region. These costumes are usually made with specific fabrics that reflect the identity and heritage of each area. <\/p>\n<p>In Muaret Textil we design and manufacture fabrics for unique regional costumes so that those who wear them can wear them with pride. Each region has its own traditions and specific characteristics in terms of the materials and styles used, and we adapt to each of the requirements.<\/p>\n<p>Among the fabrics used in the regional dresses and costumes we manufacture we find:<\/p>\n<ul>\n<li type=\"disc\">\n<p>Fallas costume: <\/li>\n<p>The fallera costume, traditional of the Valencian Community, consists of a voluminous skirt and a bodice. The fabric used for the skirt is &#8220;tela de fallera&#8221;, a luxurious and elaborate silk characterized by its intense colors and soft texture.  As manufacturers of fabrics for regional dresses, we make them with the Jacquard technique with patterns that combine flowers and borders, creating unique and exclusive designs.<\/p>\n<li type=\"disc\">\n<p>Baturra costume: <\/li>\n<p>The baturra costume is the typical clothing of Aragon. In the past, they were made with simple and basically plain fabrics, with materials such as wool, cotton or linen for &#8220;fatigues&#8221; and with silk embroidery for dress suits for important occasions. In Muaret textile we make fabrics for the baturra costume, interpreting the embroidery designs of the traditional costume based on the Jacquard weaving technique and elaborated with materials combining polyester and rayon making the effect of the costumes that were worn in the days of celebration.<\/p>\n<\/ul>\n<p><b>We adjust to the style and tradition of each costume.<\/b><\/p>\n<p>Regional costumes may vary in design and style according to locality and personal preference. Every year new designs and trends are presented in the fashion shows of each region, but always maintaining the essence and tradition of these typical costumes.<\/p>\n<p>The making of the regional costumes is different according to the region and the type of costume in question. In Muaret Textil we have expert professionals who know very well the process, from the design and pattern and the selection of specific and high quality fabrics and materials, to do everything according to the customer&#8217;s needs. <\/p>\n<p><b>We contribute to preserving the cultural heritage of each region.<\/b><\/p>\n<p>At Muaret Textil we are very proud to be able to contribute to the preservation and transmission of these traditions over time. With the manufacture of fabrics for regional costumes and dresses with quality fabrics and unique designs, we help to express the identity and folklore of each of these areas. <\/p>\n<p>In addition, the craftsmanship and attention to detail that we apply to the fabrics of these suits make them true works of art. The high quality of the different designs guarantees the authenticity and preservation of these traditional garments, allowing them to last over time and be passed on from generation to generation.\n<\/p>\n\t\t\n<style>\n#text-389882884 {\n  font-size: 1.2rem;\n}\n<\/style>\n\t<\/div>\n\t\n\n\t\t<\/div>\n\t\t\t\t\t<\/div>\n\n\t\n\n<\/div>\n\n\t\t<\/div>\n\n\t\t\n<style>\n#section_1579882811 {\n  padding-top: 30px;\n  padding-bottom: 30px;\n}\n<\/style>\n\t<\/section>\n\t\n\n","protected":false},"excerpt":{"rendered":"","protected":false},"author":3,"featured_media":0,"parent":0,"menu_order":30,"comment_status":"closed","ping_status":"closed","template":"page-blank.php","meta":{"footnotes":""},"class_list":["post-809","page","type-page","status-publish","hentry"],"yoast_head":"<!-- This site is optimized with the Yoast SEO plugin v27.1.1 - https:\/\/yoast.com\/product\/yoast-seo-wordpress\/ -->\n<title>Manufacturers of fabrics for regional costumes | Muaret Textil<\/title>\n<meta name=\"description\" content=\"Get unique dresses and costumes for regional festivals: fallas in Valencia, santeros in Andalusia, baturras in Aragon... Excellent quality and finishes. Get in!\" \/>\n<meta name=\"robots\" content=\"index, follow, max-snippet:-1, max-image-preview:large, max-video-preview:-1\" \/>\n<link rel=\"canonical\" href=\"https:\/\/muaret-textil.com\/en\/traditional-fabrics\/\" \/>\n<meta property=\"og:locale\" content=\"en_US\" \/>\n<meta property=\"og:type\" content=\"article\" \/>\n<meta property=\"og:title\" content=\"Manufacturers of fabrics for regional costumes | Muaret Textil\" \/>\n<meta property=\"og:description\" content=\"Get unique dresses and costumes for regional festivals: fallas in Valencia, santeros in Andalusia, baturras in Aragon... Excellent quality and finishes. Get in!\" \/>\n<meta property=\"og:url\" content=\"https:\/\/muaret-textil.com\/en\/traditional-fabrics\/\" \/>\n<meta property=\"og:site_name\" content=\"Muaret Textil\" \/>\n<meta property=\"article:modified_time\" content=\"2024-04-23T11:42:20+00:00\" \/>\n<meta name=\"twitter:card\" content=\"summary_large_image\" \/>\n<meta name=\"twitter:label1\" content=\"Est. reading time\" \/>\n\t<meta name=\"twitter:data1\" content=\"4 minutes\" \/>\n<script type=\"application\/ld+json\" class=\"yoast-schema-graph\">{\"@context\":\"https:\/\/schema.org\",\"@graph\":[{\"@type\":\"WebPage\",\"@id\":\"https:\/\/muaret-textil.com\/en\/traditional-fabrics\/\",\"url\":\"https:\/\/muaret-textil.com\/en\/traditional-fabrics\/\",\"name\":\"Manufacturers of fabrics for regional costumes | Muaret Textil\",\"isPartOf\":{\"@id\":\"https:\/\/muaret-textil.com\/en\/#website\"},\"datePublished\":\"2022-11-03T17:25:28+00:00\",\"dateModified\":\"2024-04-23T11:42:20+00:00\",\"description\":\"Get unique dresses and costumes for regional festivals: fallas in Valencia, santeros in Andalusia, baturras in Aragon... Excellent quality and finishes. Get in!\",\"breadcrumb\":{\"@id\":\"https:\/\/muaret-textil.com\/en\/traditional-fabrics\/#breadcrumb\"},\"inLanguage\":\"en-US\",\"potentialAction\":[{\"@type\":\"ReadAction\",\"target\":[\"https:\/\/muaret-textil.com\/en\/traditional-fabrics\/\"]}]},{\"@type\":\"BreadcrumbList\",\"@id\":\"https:\/\/muaret-textil.com\/en\/traditional-fabrics\/#breadcrumb\",\"itemListElement\":[{\"@type\":\"ListItem\",\"position\":1,\"name\":\"Home\",\"item\":\"https:\/\/muaret-textil.com\/en\/home\/\"},{\"@type\":\"ListItem\",\"position\":2,\"name\":\"Regional fabrics\"}]},{\"@type\":\"WebSite\",\"@id\":\"https:\/\/muaret-textil.com\/en\/#website\",\"url\":\"https:\/\/muaret-textil.com\/en\/\",\"name\":\"Muaret Textil\",\"description\":\"Dise\u00f1o, fabricaci\u00f3n y comercializaci\u00f3n de tejidos t\u00e9cnicos\",\"publisher\":{\"@id\":\"https:\/\/muaret-textil.com\/en\/#organization\"},\"potentialAction\":[{\"@type\":\"SearchAction\",\"target\":{\"@type\":\"EntryPoint\",\"urlTemplate\":\"https:\/\/muaret-textil.com\/en\/?s={search_term_string}\"},\"query-input\":{\"@type\":\"PropertyValueSpecification\",\"valueRequired\":true,\"valueName\":\"search_term_string\"}}],\"inLanguage\":\"en-US\"},{\"@type\":\"Organization\",\"@id\":\"https:\/\/muaret-textil.com\/en\/#organization\",\"name\":\"Muaret Textil\",\"url\":\"https:\/\/muaret-textil.com\/en\/\",\"logo\":{\"@type\":\"ImageObject\",\"inLanguage\":\"en-US\",\"@id\":\"https:\/\/muaret-textil.com\/en\/#\/schema\/logo\/image\/\",\"url\":\"https:\/\/muaret-textil.com\/wp-content\/uploads\/2022\/11\/logo-muaret.webp\",\"contentUrl\":\"https:\/\/muaret-textil.com\/wp-content\/uploads\/2022\/11\/logo-muaret.webp\",\"width\":542,\"height\":702,\"caption\":\"Muaret Textil\"},\"image\":{\"@id\":\"https:\/\/muaret-textil.com\/en\/#\/schema\/logo\/image\/\"}}]}<\/script>\n<!-- \/ Yoast SEO plugin. -->","yoast_head_json":{"title":"Manufacturers of fabrics for regional costumes | Muaret Textil","description":"Get unique dresses and costumes for regional festivals: fallas in Valencia, santeros in Andalusia, baturras in Aragon... Excellent quality and finishes. Get in!","robots":{"index":"index","follow":"follow","max-snippet":"max-snippet:-1","max-image-preview":"max-image-preview:large","max-video-preview":"max-video-preview:-1"},"canonical":"https:\/\/muaret-textil.com\/en\/traditional-fabrics\/","og_locale":"en_US","og_type":"article","og_title":"Manufacturers of fabrics for regional costumes | Muaret Textil","og_description":"Get unique dresses and costumes for regional festivals: fallas in Valencia, santeros in Andalusia, baturras in Aragon... Excellent quality and finishes. Get in!","og_url":"https:\/\/muaret-textil.com\/en\/traditional-fabrics\/","og_site_name":"Muaret Textil","article_modified_time":"2024-04-23T11:42:20+00:00","twitter_card":"summary_large_image","twitter_misc":{"Est. reading time":"4 minutes"},"schema":{"@context":"https:\/\/schema.org","@graph":[{"@type":"WebPage","@id":"https:\/\/muaret-textil.com\/en\/traditional-fabrics\/","url":"https:\/\/muaret-textil.com\/en\/traditional-fabrics\/","name":"Manufacturers of fabrics for regional costumes | Muaret Textil","isPartOf":{"@id":"https:\/\/muaret-textil.com\/en\/#website"},"datePublished":"2022-11-03T17:25:28+00:00","dateModified":"2024-04-23T11:42:20+00:00","description":"Get unique dresses and costumes for regional festivals: fallas in Valencia, santeros in Andalusia, baturras in Aragon... Excellent quality and finishes. Get in!","breadcrumb":{"@id":"https:\/\/muaret-textil.com\/en\/traditional-fabrics\/#breadcrumb"},"inLanguage":"en-US","potentialAction":[{"@type":"ReadAction","target":["https:\/\/muaret-textil.com\/en\/traditional-fabrics\/"]}]},{"@type":"BreadcrumbList","@id":"https:\/\/muaret-textil.com\/en\/traditional-fabrics\/#breadcrumb","itemListElement":[{"@type":"ListItem","position":1,"name":"Home","item":"https:\/\/muaret-textil.com\/en\/home\/"},{"@type":"ListItem","position":2,"name":"Regional fabrics"}]},{"@type":"WebSite","@id":"https:\/\/muaret-textil.com\/en\/#website","url":"https:\/\/muaret-textil.com\/en\/","name":"Muaret Textil","description":"Dise\u00f1o, fabricaci\u00f3n y comercializaci\u00f3n de tejidos t\u00e9cnicos","publisher":{"@id":"https:\/\/muaret-textil.com\/en\/#organization"},"potentialAction":[{"@type":"SearchAction","target":{"@type":"EntryPoint","urlTemplate":"https:\/\/muaret-textil.com\/en\/?s={search_term_string}"},"query-input":{"@type":"PropertyValueSpecification","valueRequired":true,"valueName":"search_term_string"}}],"inLanguage":"en-US"},{"@type":"Organization","@id":"https:\/\/muaret-textil.com\/en\/#organization","name":"Muaret Textil","url":"https:\/\/muaret-textil.com\/en\/","logo":{"@type":"ImageObject","inLanguage":"en-US","@id":"https:\/\/muaret-textil.com\/en\/#\/schema\/logo\/image\/","url":"https:\/\/muaret-textil.com\/wp-content\/uploads\/2022\/11\/logo-muaret.webp","contentUrl":"https:\/\/muaret-textil.com\/wp-content\/uploads\/2022\/11\/logo-muaret.webp","width":542,"height":702,"caption":"Muaret Textil"},"image":{"@id":"https:\/\/muaret-textil.com\/en\/#\/schema\/logo\/image\/"}}]}},"_links":{"self":[{"href":"https:\/\/muaret-textil.com\/en\/wp-json\/wp\/v2\/pages\/809","targetHints":{"allow":["GET"]}}],"collection":[{"href":"https:\/\/muaret-textil.com\/en\/wp-json\/wp\/v2\/pages"}],"about":[{"href":"https:\/\/muaret-textil.com\/en\/wp-json\/wp\/v2\/types\/page"}],"author":[{"embeddable":true,"href":"https:\/\/muaret-textil.com\/en\/wp-json\/wp\/v2\/users\/3"}],"replies":[{"embeddable":true,"href":"https:\/\/muaret-textil.com\/en\/wp-json\/wp\/v2\/comments?post=809"}],"version-history":[{"count":23,"href":"https:\/\/muaret-textil.com\/en\/wp-json\/wp\/v2\/pages\/809\/revisions"}],"predecessor-version":[{"id":1840,"href":"https:\/\/muaret-textil.com\/en\/wp-json\/wp\/v2\/pages\/809\/revisions\/1840"}],"wp:attachment":[{"href":"https:\/\/muaret-textil.com\/en\/wp-json\/wp\/v2\/media?parent=809"}],"curies":[{"name":"wp","href":"https:\/\/api.w.org\/{rel}","templated":true}]}}