{"id":814,"date":"2022-11-04T14:16:55","date_gmt":"2022-11-04T12:16:55","guid":{"rendered":"https:\/\/muaret-textil.com\/the-company\/"},"modified":"2023-05-09T12:34:09","modified_gmt":"2023-05-09T10:34:09","slug":"the-company","status":"publish","type":"page","link":"https:\/\/muaret-textil.com\/en\/the-company\/","title":{"rendered":"The company"},"content":{"rendered":"\n\n\t<section class=\"section dark\" id=\"section_1497121764\">\n\t\t<div class=\"section-bg fill\" >\n\t\t\t<img loading=\"lazy\" decoding=\"async\" width=\"2160\" height=\"1440\" src=\"https:\/\/muaret-textil.com\/wp-content\/uploads\/2023\/02\/tradicion-muaret-maquina-medidor-metros.webp\" class=\"bg attachment- size-\" alt=\"\" \/>\t\t\t\t\t\t\n\t\t\t\n\n\t\t<\/div>\n\n\t\t\n\n\t\t<div class=\"section-content relative\">\n\t\t\t\n\n<div class=\"row\"  id=\"row-153368536\">\n\n\n\t<div id=\"col-1904004558\" class=\"col small-12 large-12\"  >\n\t\t\t\t<div class=\"col-inner\"  >\n\t\t\t\n\t\t\t\n\n\t<div id=\"text-3880701392\" class=\"text\">\n\t\t\n\n<h1 class=\"uppercase\">Our history<\/h1>\n\t\t\n<style>\n#text-3880701392 {\n  font-size: 2rem;\n  text-align: center;\n}\n<\/style>\n\t<\/div>\n\t\n\n\t\t<\/div>\n\t\t\t\t\t<\/div>\n\n\t\n\n<\/div>\n\n\t\t<\/div>\n\n\t\t\n<style>\n#section_1497121764 {\n  padding-top: 90px;\n  padding-bottom: 90px;\n  background-color: rgb(40, 40, 40);\n}\n<\/style>\n\t<\/section>\n\t\n\n\t<section class=\"section\" id=\"section_1836595276\">\n\t\t<div class=\"section-bg fill\" >\n\t\t\t\t\t\t\t\t\t<div class=\"section-bg-overlay absolute fill\"><\/div>\n\t\t\t\n\n\t\t<\/div>\n\n\t\t\n\n\t\t<div class=\"section-content relative\">\n\t\t\t\n\n<div class=\"row row-large align-middle\"  id=\"row-1525301276\">\n\n\n\t<div id=\"col-990331748\" class=\"col medium-6 small-12 large-6\"  >\n\t\t\t\t<div class=\"col-inner text-left\"  >\n\t\t\t\n\t\t\t\n\n<h2>A company AT THE FOREFRONT<\/h2>\r\n<div class=\"is-divider divider clearfix\" style=\"max-width:200px;height:1px;background-color:rgb(0, 0, 0);\"><\/div>\r\n\r\nLocated in Terrassa (Barcelona), the cradle city of the textile industry, we are a company with a professional team with more than 40 years of experience in the design, manufacture and sale of technical fabrics, especially for the public transport sector in the Spanish and international market. We also specialize in regional fabrics with a significant portfolio of costume fabric designs, offering new updated designs on traditional fabrics.\n\n\t\t<\/div>\n\t\t\t\t\t<\/div>\n\n\t\n\n\t<div id=\"col-1491101254\" class=\"col medium-6 small-12 large-6\"  >\n\t\t\t\t<div class=\"col-inner\"  >\n\t\t\t\n\t\t\t\n\n\t<div class=\"img has-hover x md-x lg-x y md-y lg-y\" id=\"image_2072533647\">\n\t\t\t\t\t\t\t\t<div class=\"img-inner dark\" >\n\t\t\t<img loading=\"lazy\" decoding=\"async\" width=\"1020\" height=\"680\" src=\"https:\/\/muaret-textil.com\/wp-content\/uploads\/2022\/11\/historia-muaret-textil-1024x683.webp\" class=\"attachment-large size-large\" alt=\"historia muaret textil\" srcset=\"https:\/\/muaret-textil.com\/wp-content\/uploads\/2022\/11\/historia-muaret-textil-1024x683.webp 1024w, https:\/\/muaret-textil.com\/wp-content\/uploads\/2022\/11\/historia-muaret-textil-300x200.webp 300w, https:\/\/muaret-textil.com\/wp-content\/uploads\/2022\/11\/historia-muaret-textil-768x512.webp 768w, https:\/\/muaret-textil.com\/wp-content\/uploads\/2022\/11\/historia-muaret-textil-1536x1024.webp 1536w, https:\/\/muaret-textil.com\/wp-content\/uploads\/2022\/11\/historia-muaret-textil-2048x1365.webp 2048w\" sizes=\"auto, (max-width: 1020px) 100vw, 1020px\" \/>\t\t\t\t\t\t\n\t\t\t\t\t<\/div>\n\t\t\t\t\t\t\t\t\n<style>\n#image_2072533647 {\n  width: 100%;\n}\n<\/style>\n\t<\/div>\n\t\n\n\n\t\t<\/div>\n\t\t\t\t\t<\/div>\n\n\t\n\n\n<style>\n#row-1525301276 > .col > .col-inner {\n  padding: 20px 0px 0px 0px;\n}\n<\/style>\n<\/div>\n\n\t\t<\/div>\n\n\t\t\n<style>\n#section_1836595276 {\n  padding-top: 30px;\n  padding-bottom: 30px;\n}\n#section_1836595276 .section-bg-overlay {\n  background-color: rgba(255, 255, 255, 0.85);\n}\n<\/style>\n\t<\/section>\n\t\n\n\t<section class=\"section\" id=\"section_1677110320\">\n\t\t<div class=\"section-bg fill\" >\n\t\t\t\t\t\t\t\t\t\n\t\t\t\n\n\t\t<\/div>\n\n\t\t\n\n\t\t<div class=\"section-content relative\">\n\t\t\t\n\n<div class=\"row\"  id=\"row-1979888513\">\n\n\n\t<div id=\"col-467401434\" class=\"col small-12 large-12\"  >\n\t\t\t\t<div class=\"col-inner\"  >\n\t\t\t\n\t\t\t\n\n<blockquote><span style=\"font-weight: 400;\">We know and understand the needs of our clients to offer them products that are suitable for their business and personalized for each of their projects.<\/span><\/blockquote>\n\n\t\t<\/div>\n\t\t\t\t\n<style>\n#col-467401434 > .col-inner {\n  margin: 0px 0px -50px 0px;\n}\n<\/style>\n\t<\/div>\n\n\t\n\n<\/div>\n\n\t\t<\/div>\n\n\t\t\n<style>\n#section_1677110320 {\n  padding-top: 30px;\n  padding-bottom: 30px;\n}\n<\/style>\n\t<\/section>\n\t\n\n\t<section class=\"section\" id=\"section_1928672525\">\n\t\t<div class=\"section-bg fill\" >\n\t\t\t\t\t\t\t\t\t<div class=\"section-bg-overlay absolute fill\"><\/div>\n\t\t\t\n\n\t\t<\/div>\n\n\t\t\n\n\t\t<div class=\"section-content relative\">\n\t\t\t\n\n<div class=\"row row-large align-middle\"  id=\"row-638951768\">\n\n\n\t<div id=\"col-465532949\" class=\"col medium-6 small-12 large-6\"  >\n\t\t\t\t<div class=\"col-inner\"  >\n\t\t\t\n\t\t\t\n\n\t<div class=\"img has-hover x md-x lg-x y md-y lg-y\" id=\"image_943768034\">\n\t\t\t\t\t\t\t\t<div class=\"img-inner dark\" >\n\t\t\t<img loading=\"lazy\" decoding=\"async\" width=\"1020\" height=\"680\" src=\"https:\/\/muaret-textil.com\/wp-content\/uploads\/2022\/11\/historia-muaret-textil-2-1024x683.webp\" class=\"attachment-large size-large\" alt=\"trajectoria muaret textil\" srcset=\"https:\/\/muaret-textil.com\/wp-content\/uploads\/2022\/11\/historia-muaret-textil-2-1024x683.webp 1024w, https:\/\/muaret-textil.com\/wp-content\/uploads\/2022\/11\/historia-muaret-textil-2-300x200.webp 300w, https:\/\/muaret-textil.com\/wp-content\/uploads\/2022\/11\/historia-muaret-textil-2-768x512.webp 768w, https:\/\/muaret-textil.com\/wp-content\/uploads\/2022\/11\/historia-muaret-textil-2-1536x1024.webp 1536w, https:\/\/muaret-textil.com\/wp-content\/uploads\/2022\/11\/historia-muaret-textil-2-2048x1365.webp 2048w\" sizes=\"auto, (max-width: 1020px) 100vw, 1020px\" \/>\t\t\t\t\t\t\n\t\t\t\t\t<\/div>\n\t\t\t\t\t\t\t\t\n<style>\n#image_943768034 {\n  width: 100%;\n}\n<\/style>\n\t<\/div>\n\t\n\n\n\t\t<\/div>\n\t\t\t\t\t<\/div>\n\n\t\n\n\t<div id=\"col-272625159\" class=\"col medium-6 small-12 large-6 small-col-first\"  >\n\t\t\t\t<div class=\"col-inner text-left\"  >\n\t\t\t\n\t\t\t\n\n<h2>The best SOLUTIONS FOR INDUSTRIAL TEXTILES<\/h2>\r\n<div class=\"is-divider divider clearfix\" style=\"max-width:200px;height:1px;background-color:rgb(0, 0, 0);\"><\/div>\r\n\r\nWe have a clear business plan, precise traceability and excellent quality control, together with the social and environmental commitment in our work. All this gives us a guarantee and reliability as collaborators in meeting the requirements in each of the projects that our clients entrust to us.\n\n\t\t<\/div>\n\t\t\t\t\t<\/div>\n\n\t\n\n\n<style>\n#row-638951768 > .col > .col-inner {\n  padding: 0px 0px 0px 0px;\n}\n<\/style>\n<\/div>\n\n\t\t<\/div>\n\n\t\t\n<style>\n#section_1928672525 {\n  padding-top: 60px;\n  padding-bottom: 60px;\n}\n#section_1928672525 .section-bg-overlay {\n  background-color: rgba(255, 255, 255, 0.85);\n}\n<\/style>\n\t<\/section>\n\t\n\n","protected":false},"excerpt":{"rendered":"","protected":false},"author":3,"featured_media":0,"parent":0,"menu_order":10,"comment_status":"closed","ping_status":"closed","template":"page-blank.php","meta":{"footnotes":""},"class_list":["post-814","page","type-page","status-publish","hentry"],"yoast_head":"<!-- This site is optimized with the Yoast SEO plugin v27.1.1 - https:\/\/yoast.com\/product\/yoast-seo-wordpress\/ -->\n<title>History of the company | Muaret Textil<\/title>\n<meta name=\"description\" content=\"Discover the history of Muaret Textil, a company with a team of more than 40 years of experience that manufactures high-quality technical fabrics.\" \/>\n<meta name=\"robots\" content=\"index, follow, max-snippet:-1, max-image-preview:large, max-video-preview:-1\" \/>\n<link rel=\"canonical\" href=\"https:\/\/muaret-textil.com\/en\/the-company\/\" \/>\n<meta property=\"og:locale\" content=\"en_US\" \/>\n<meta property=\"og:type\" content=\"article\" \/>\n<meta property=\"og:title\" content=\"History of the company | Muaret Textil\" \/>\n<meta property=\"og:description\" content=\"Discover the history of Muaret Textil, a company with a team of more than 40 years of experience that manufactures high-quality technical fabrics.\" \/>\n<meta property=\"og:url\" content=\"https:\/\/muaret-textil.com\/en\/the-company\/\" \/>\n<meta property=\"og:site_name\" content=\"Muaret Textil\" \/>\n<meta property=\"article:modified_time\" content=\"2023-05-09T10:34:09+00:00\" \/>\n<meta name=\"twitter:card\" content=\"summary_large_image\" \/>\n<meta name=\"twitter:label1\" content=\"Est. reading time\" \/>\n\t<meta name=\"twitter:data1\" content=\"2 minutes\" \/>\n<script type=\"application\/ld+json\" class=\"yoast-schema-graph\">{\"@context\":\"https:\/\/schema.org\",\"@graph\":[{\"@type\":\"WebPage\",\"@id\":\"https:\/\/muaret-textil.com\/en\/the-company\/\",\"url\":\"https:\/\/muaret-textil.com\/en\/the-company\/\",\"name\":\"History of the company | Muaret Textil\",\"isPartOf\":{\"@id\":\"https:\/\/muaret-textil.com\/en\/#website\"},\"datePublished\":\"2022-11-04T12:16:55+00:00\",\"dateModified\":\"2023-05-09T10:34:09+00:00\",\"description\":\"Discover the history of Muaret Textil, a company with a team of more than 40 years of experience that manufactures high-quality technical fabrics.\",\"breadcrumb\":{\"@id\":\"https:\/\/muaret-textil.com\/en\/the-company\/#breadcrumb\"},\"inLanguage\":\"en-US\",\"potentialAction\":[{\"@type\":\"ReadAction\",\"target\":[\"https:\/\/muaret-textil.com\/en\/the-company\/\"]}]},{\"@type\":\"BreadcrumbList\",\"@id\":\"https:\/\/muaret-textil.com\/en\/the-company\/#breadcrumb\",\"itemListElement\":[{\"@type\":\"ListItem\",\"position\":1,\"name\":\"Home\",\"item\":\"https:\/\/muaret-textil.com\/en\/home\/\"},{\"@type\":\"ListItem\",\"position\":2,\"name\":\"The company\"}]},{\"@type\":\"WebSite\",\"@id\":\"https:\/\/muaret-textil.com\/en\/#website\",\"url\":\"https:\/\/muaret-textil.com\/en\/\",\"name\":\"Muaret Textil\",\"description\":\"Dise\u00f1o, fabricaci\u00f3n y comercializaci\u00f3n de tejidos t\u00e9cnicos\",\"publisher\":{\"@id\":\"https:\/\/muaret-textil.com\/en\/#organization\"},\"potentialAction\":[{\"@type\":\"SearchAction\",\"target\":{\"@type\":\"EntryPoint\",\"urlTemplate\":\"https:\/\/muaret-textil.com\/en\/?s={search_term_string}\"},\"query-input\":{\"@type\":\"PropertyValueSpecification\",\"valueRequired\":true,\"valueName\":\"search_term_string\"}}],\"inLanguage\":\"en-US\"},{\"@type\":\"Organization\",\"@id\":\"https:\/\/muaret-textil.com\/en\/#organization\",\"name\":\"Muaret Textil\",\"url\":\"https:\/\/muaret-textil.com\/en\/\",\"logo\":{\"@type\":\"ImageObject\",\"inLanguage\":\"en-US\",\"@id\":\"https:\/\/muaret-textil.com\/en\/#\/schema\/logo\/image\/\",\"url\":\"https:\/\/muaret-textil.com\/wp-content\/uploads\/2022\/11\/logo-muaret.webp\",\"contentUrl\":\"https:\/\/muaret-textil.com\/wp-content\/uploads\/2022\/11\/logo-muaret.webp\",\"width\":542,\"height\":702,\"caption\":\"Muaret Textil\"},\"image\":{\"@id\":\"https:\/\/muaret-textil.com\/en\/#\/schema\/logo\/image\/\"}}]}<\/script>\n<!-- \/ Yoast SEO plugin. -->","yoast_head_json":{"title":"History of the company | Muaret Textil","description":"Discover the history of Muaret Textil, a company with a team of more than 40 years of experience that manufactures high-quality technical fabrics.","robots":{"index":"index","follow":"follow","max-snippet":"max-snippet:-1","max-image-preview":"max-image-preview:large","max-video-preview":"max-video-preview:-1"},"canonical":"https:\/\/muaret-textil.com\/en\/the-company\/","og_locale":"en_US","og_type":"article","og_title":"History of the company | Muaret Textil","og_description":"Discover the history of Muaret Textil, a company with a team of more than 40 years of experience that manufactures high-quality technical fabrics.","og_url":"https:\/\/muaret-textil.com\/en\/the-company\/","og_site_name":"Muaret Textil","article_modified_time":"2023-05-09T10:34:09+00:00","twitter_card":"summary_large_image","twitter_misc":{"Est. reading time":"2 minutes"},"schema":{"@context":"https:\/\/schema.org","@graph":[{"@type":"WebPage","@id":"https:\/\/muaret-textil.com\/en\/the-company\/","url":"https:\/\/muaret-textil.com\/en\/the-company\/","name":"History of the company | Muaret Textil","isPartOf":{"@id":"https:\/\/muaret-textil.com\/en\/#website"},"datePublished":"2022-11-04T12:16:55+00:00","dateModified":"2023-05-09T10:34:09+00:00","description":"Discover the history of Muaret Textil, a company with a team of more than 40 years of experience that manufactures high-quality technical fabrics.","breadcrumb":{"@id":"https:\/\/muaret-textil.com\/en\/the-company\/#breadcrumb"},"inLanguage":"en-US","potentialAction":[{"@type":"ReadAction","target":["https:\/\/muaret-textil.com\/en\/the-company\/"]}]},{"@type":"BreadcrumbList","@id":"https:\/\/muaret-textil.com\/en\/the-company\/#breadcrumb","itemListElement":[{"@type":"ListItem","position":1,"name":"Home","item":"https:\/\/muaret-textil.com\/en\/home\/"},{"@type":"ListItem","position":2,"name":"The company"}]},{"@type":"WebSite","@id":"https:\/\/muaret-textil.com\/en\/#website","url":"https:\/\/muaret-textil.com\/en\/","name":"Muaret Textil","description":"Dise\u00f1o, fabricaci\u00f3n y comercializaci\u00f3n de tejidos t\u00e9cnicos","publisher":{"@id":"https:\/\/muaret-textil.com\/en\/#organization"},"potentialAction":[{"@type":"SearchAction","target":{"@type":"EntryPoint","urlTemplate":"https:\/\/muaret-textil.com\/en\/?s={search_term_string}"},"query-input":{"@type":"PropertyValueSpecification","valueRequired":true,"valueName":"search_term_string"}}],"inLanguage":"en-US"},{"@type":"Organization","@id":"https:\/\/muaret-textil.com\/en\/#organization","name":"Muaret Textil","url":"https:\/\/muaret-textil.com\/en\/","logo":{"@type":"ImageObject","inLanguage":"en-US","@id":"https:\/\/muaret-textil.com\/en\/#\/schema\/logo\/image\/","url":"https:\/\/muaret-textil.com\/wp-content\/uploads\/2022\/11\/logo-muaret.webp","contentUrl":"https:\/\/muaret-textil.com\/wp-content\/uploads\/2022\/11\/logo-muaret.webp","width":542,"height":702,"caption":"Muaret Textil"},"image":{"@id":"https:\/\/muaret-textil.com\/en\/#\/schema\/logo\/image\/"}}]}},"_links":{"self":[{"href":"https:\/\/muaret-textil.com\/en\/wp-json\/wp\/v2\/pages\/814","targetHints":{"allow":["GET"]}}],"collection":[{"href":"https:\/\/muaret-textil.com\/en\/wp-json\/wp\/v2\/pages"}],"about":[{"href":"https:\/\/muaret-textil.com\/en\/wp-json\/wp\/v2\/types\/page"}],"author":[{"embeddable":true,"href":"https:\/\/muaret-textil.com\/en\/wp-json\/wp\/v2\/users\/3"}],"replies":[{"embeddable":true,"href":"https:\/\/muaret-textil.com\/en\/wp-json\/wp\/v2\/comments?post=814"}],"version-history":[{"count":22,"href":"https:\/\/muaret-textil.com\/en\/wp-json\/wp\/v2\/pages\/814\/revisions"}],"predecessor-version":[{"id":918,"href":"https:\/\/muaret-textil.com\/en\/wp-json\/wp\/v2\/pages\/814\/revisions\/918"}],"wp:attachment":[{"href":"https:\/\/muaret-textil.com\/en\/wp-json\/wp\/v2\/media?parent=814"}],"curies":[{"name":"wp","href":"https:\/\/api.w.org\/{rel}","templated":true}]}}