{"id":838,"date":"2023-04-21T13:53:53","date_gmt":"2023-04-21T11:53:53","guid":{"rendered":"https:\/\/muaret-textil.com\/sustainability-strategy\/"},"modified":"2024-03-26T13:40:32","modified_gmt":"2024-03-26T11:40:32","slug":"sustainability-strategy","status":"publish","type":"page","link":"https:\/\/muaret-textil.com\/en\/sustainability-strategy\/","title":{"rendered":"Sustainability strategy"},"content":{"rendered":"\n<div class=\"row\"  id=\"row-477798592\">\n\n\n\t<div id=\"col-551063618\" class=\"col small-12 large-12\"  >\n\t\t\t\t<div class=\"col-inner\"  >\n\t\t\t\n\t\t\t\n\n<div class=\"container section-title-container\" ><h1 class=\"section-title section-title-normal\"><b aria-hidden=\"true\"><\/b><span class=\"section-title-main\" >Sustainability strategy<\/span><b aria-hidden=\"true\"><\/b><\/h1><\/div>\n\n<div class=\"row align-equal align-center\"  id=\"row-1217431509\">\n\n\n\t<div id=\"col-508013767\" class=\"col small-12 large-12\"  >\n\t\t\t\t<div class=\"col-inner text-center\"  >\n\t\t\t\n\t\t\t\n\n\t<div class=\"img has-hover x md-x lg-x y md-y lg-y\" id=\"image_1106506775\">\n\t\t\t\t\t\t\t\t<div class=\"img-inner dark\" >\n\t\t\t<img loading=\"lazy\" decoding=\"async\" width=\"1020\" height=\"867\" src=\"https:\/\/muaret-textil.com\/wp-content\/uploads\/2023\/04\/logo-union-europea-1024x870.png\" class=\"attachment-large size-large\" alt=\"\" srcset=\"https:\/\/muaret-textil.com\/wp-content\/uploads\/2023\/04\/logo-union-europea-1024x870.png 1024w, https:\/\/muaret-textil.com\/wp-content\/uploads\/2023\/04\/logo-union-europea-300x255.png 300w, https:\/\/muaret-textil.com\/wp-content\/uploads\/2023\/04\/logo-union-europea-768x653.png 768w, https:\/\/muaret-textil.com\/wp-content\/uploads\/2023\/04\/logo-union-europea.png 1446w\" sizes=\"auto, (max-width: 1020px) 100vw, 1020px\" \/>\t\t\t\t\t\t\n\t\t\t\t\t<\/div>\n\t\t\t\t\t\t\t\t\n<style>\n#image_1106506775 {\n  width: 34%;\n}\n<\/style>\n\t<\/div>\n\t\n\n\n\t\t<\/div>\n\t\t\t\t\n<style>\n#col-508013767 > .col-inner {\n  padding: 0px 0px 0px 0px;\n}\n<\/style>\n\t<\/div>\n\n\t\n\n\t<div id=\"col-1357587621\" class=\"col medium-6 small-6 large-6\"  >\n\t\t\t\t<div class=\"col-inner text-center\"  >\n\t\t\t\n\t\t\t\n\n\t<div class=\"img has-hover x md-x lg-x y md-y lg-y\" id=\"image_1739422500\">\n\t\t\t\t\t\t\t\t<div class=\"img-inner dark\" >\n\t\t\t<img loading=\"lazy\" decoding=\"async\" width=\"410\" height=\"123\" src=\"https:\/\/muaret-textil.com\/wp-content\/uploads\/2023\/04\/logo-camara-comercio.png\" class=\"attachment-large size-large\" alt=\"\" srcset=\"https:\/\/muaret-textil.com\/wp-content\/uploads\/2023\/04\/logo-camara-comercio.png 410w, https:\/\/muaret-textil.com\/wp-content\/uploads\/2023\/04\/logo-camara-comercio-300x90.png 300w\" sizes=\"auto, (max-width: 410px) 100vw, 410px\" \/>\t\t\t\t\t\t\n\t\t\t\t\t<\/div>\n\t\t\t\t\t\t\t\t\n<style>\n#image_1739422500 {\n  width: 54%;\n}\n<\/style>\n\t<\/div>\n\t\n\n\n\t\t<\/div>\n\t\t\t\t\t<\/div>\n\n\t\n\n\t<div id=\"col-1882942721\" class=\"col medium-6 small-6 large-6\"  >\n\t\t\t\t<div class=\"col-inner text-center\"  >\n\t\t\t\n\t\t\t\n\n\t<div class=\"img has-hover x md-x lg-x y md-y lg-y\" id=\"image_1055935108\">\n\t\t\t\t\t\t\t\t<div class=\"img-inner dark\" >\n\t\t\t<img loading=\"lazy\" decoding=\"async\" width=\"486\" height=\"122\" src=\"https:\/\/muaret-textil.com\/wp-content\/uploads\/2023\/04\/logo-cambra-comerc-terrassa.png\" class=\"attachment-large size-large\" alt=\"\" srcset=\"https:\/\/muaret-textil.com\/wp-content\/uploads\/2023\/04\/logo-cambra-comerc-terrassa.png 486w, https:\/\/muaret-textil.com\/wp-content\/uploads\/2023\/04\/logo-cambra-comerc-terrassa-300x75.png 300w\" sizes=\"auto, (max-width: 486px) 100vw, 486px\" \/>\t\t\t\t\t\t\n\t\t\t\t\t<\/div>\n\t\t\t\t\t\t\t\t\n<style>\n#image_1055935108 {\n  width: 56%;\n}\n<\/style>\n\t<\/div>\n\t\n\n\n\t\t<\/div>\n\t\t\t\t\t<\/div>\n\n\t\n\n\t<div id=\"col-442817257\" class=\"col small-12 large-12\"  >\n\t\t\t\t<div class=\"col-inner text-center\"  >\n\t\t\t\n\t\t\t\n\n\t<div class=\"img has-hover x md-x lg-x y md-y lg-y\" id=\"image_1562148898\">\n\t\t\t\t\t\t\t\t<div class=\"img-inner dark\" >\n\t\t\t<img loading=\"lazy\" decoding=\"async\" width=\"1020\" height=\"258\" src=\"https:\/\/muaret-textil.com\/wp-content\/uploads\/2023\/04\/logo-sostenibilidad-1024x259.png\" class=\"attachment-large size-large\" alt=\"\" srcset=\"https:\/\/muaret-textil.com\/wp-content\/uploads\/2023\/04\/logo-sostenibilidad-1024x259.png 1024w, https:\/\/muaret-textil.com\/wp-content\/uploads\/2023\/04\/logo-sostenibilidad-300x76.png 300w, https:\/\/muaret-textil.com\/wp-content\/uploads\/2023\/04\/logo-sostenibilidad-768x194.png 768w, https:\/\/muaret-textil.com\/wp-content\/uploads\/2023\/04\/logo-sostenibilidad-1536x389.png 1536w, https:\/\/muaret-textil.com\/wp-content\/uploads\/2023\/04\/logo-sostenibilidad.png 1957w\" sizes=\"auto, (max-width: 1020px) 100vw, 1020px\" \/>\t\t\t\t\t\t\n\t\t\t\t\t<\/div>\n\t\t\t\t\t\t\t\t\n<style>\n#image_1562148898 {\n  width: 70%;\n}\n<\/style>\n\t<\/div>\n\t\n\n<p>MUARET TEXTIL, S.L., has been a beneficiary of the European Regional Development Fund whose objective is to promote research, technological development and innovation, thanks to the fact that it has changed its traditional fluorescent lamps for LED devices to support the creation and consolidation of innovative companies on 18\/04\/2023. To this end, it has been supported by the Sustainability Program for SMEs 2023 of the Terrassa Chamber of Commerce.<\/p>\n\n\t\t<\/div>\n\t\t\t\t\t<\/div>\n\n\t\n\n\t<div id=\"col-1887056550\" class=\"col small-12 large-12\"  >\n\t\t\t\t<div class=\"col-inner\" style=\"background-color:rgb(2, 69, 148);\" >\n\t\t\t\n\t\t\t\n\n\t<div id=\"text-2694441041\" class=\"text\">\n\t\t\n\n<p><strong>A way of making Europe<\/strong><\/p>\n\t\t\n<style>\n#text-2694441041 {\n  font-size: 1.95rem;\n  line-height: 1;\n  text-align: center;\n  color: rgb(249, 236, 40);\n}\n#text-2694441041 > * {\n  color: rgb(249, 236, 40);\n}\n@media (min-width:550px) {\n  #text-2694441041 {\n    line-height: 0.75;\n  }\n}\n<\/style>\n\t<\/div>\n\t\n\n\t\t<\/div>\n\t\t\t\t\n<style>\n#col-1887056550 > .col-inner {\n  padding: 16px 0px 0px 0px;\n}\n<\/style>\n\t<\/div>\n\n\t\n\n<\/div>\n\n\t\t<\/div>\n\t\t\t\t\t<\/div>\n\n\t\n\n<\/div>\n\n","protected":false},"excerpt":{"rendered":"","protected":false},"author":3,"featured_media":0,"parent":0,"menu_order":0,"comment_status":"closed","ping_status":"closed","template":"","meta":{"footnotes":""},"class_list":["post-838","page","type-page","status-publish","hentry"],"yoast_head":"<!-- This site is optimized with the Yoast SEO plugin v27.1.1 - https:\/\/yoast.com\/product\/yoast-seo-wordpress\/ -->\n<title>Sustainability strategy - Muaret Textil<\/title>\n<meta name=\"robots\" content=\"noindex, nofollow\" \/>\n<meta property=\"og:locale\" content=\"en_US\" \/>\n<meta property=\"og:type\" content=\"article\" \/>\n<meta property=\"og:title\" content=\"Sustainability strategy - Muaret Textil\" \/>\n<meta property=\"og:url\" content=\"https:\/\/muaret-textil.com\/en\/sustainability-strategy\/\" \/>\n<meta property=\"og:site_name\" content=\"Muaret Textil\" \/>\n<meta property=\"article:modified_time\" content=\"2024-03-26T11:40:32+00:00\" \/>\n<meta name=\"twitter:card\" content=\"summary_large_image\" \/>\n<meta name=\"twitter:label1\" content=\"Est. reading time\" \/>\n\t<meta name=\"twitter:data1\" content=\"1 minute\" \/>\n<script type=\"application\/ld+json\" class=\"yoast-schema-graph\">{\"@context\":\"https:\/\/schema.org\",\"@graph\":[{\"@type\":\"WebPage\",\"@id\":\"https:\/\/muaret-textil.com\/en\/sustainability-strategy\/\",\"url\":\"https:\/\/muaret-textil.com\/en\/sustainability-strategy\/\",\"name\":\"Sustainability strategy - Muaret Textil\",\"isPartOf\":{\"@id\":\"https:\/\/muaret-textil.com\/en\/#website\"},\"datePublished\":\"2023-04-21T11:53:53+00:00\",\"dateModified\":\"2024-03-26T11:40:32+00:00\",\"breadcrumb\":{\"@id\":\"https:\/\/muaret-textil.com\/en\/sustainability-strategy\/#breadcrumb\"},\"inLanguage\":\"en-US\",\"potentialAction\":[{\"@type\":\"ReadAction\",\"target\":[\"https:\/\/muaret-textil.com\/en\/sustainability-strategy\/\"]}]},{\"@type\":\"BreadcrumbList\",\"@id\":\"https:\/\/muaret-textil.com\/en\/sustainability-strategy\/#breadcrumb\",\"itemListElement\":[{\"@type\":\"ListItem\",\"position\":1,\"name\":\"Home\",\"item\":\"https:\/\/muaret-textil.com\/en\/home\/\"},{\"@type\":\"ListItem\",\"position\":2,\"name\":\"Sustainability strategy\"}]},{\"@type\":\"WebSite\",\"@id\":\"https:\/\/muaret-textil.com\/en\/#website\",\"url\":\"https:\/\/muaret-textil.com\/en\/\",\"name\":\"Muaret Textil\",\"description\":\"Dise\u00f1o, fabricaci\u00f3n y comercializaci\u00f3n de tejidos t\u00e9cnicos\",\"publisher\":{\"@id\":\"https:\/\/muaret-textil.com\/en\/#organization\"},\"potentialAction\":[{\"@type\":\"SearchAction\",\"target\":{\"@type\":\"EntryPoint\",\"urlTemplate\":\"https:\/\/muaret-textil.com\/en\/?s={search_term_string}\"},\"query-input\":{\"@type\":\"PropertyValueSpecification\",\"valueRequired\":true,\"valueName\":\"search_term_string\"}}],\"inLanguage\":\"en-US\"},{\"@type\":\"Organization\",\"@id\":\"https:\/\/muaret-textil.com\/en\/#organization\",\"name\":\"Muaret Textil\",\"url\":\"https:\/\/muaret-textil.com\/en\/\",\"logo\":{\"@type\":\"ImageObject\",\"inLanguage\":\"en-US\",\"@id\":\"https:\/\/muaret-textil.com\/en\/#\/schema\/logo\/image\/\",\"url\":\"https:\/\/muaret-textil.com\/wp-content\/uploads\/2022\/11\/logo-muaret.webp\",\"contentUrl\":\"https:\/\/muaret-textil.com\/wp-content\/uploads\/2022\/11\/logo-muaret.webp\",\"width\":542,\"height\":702,\"caption\":\"Muaret Textil\"},\"image\":{\"@id\":\"https:\/\/muaret-textil.com\/en\/#\/schema\/logo\/image\/\"}}]}<\/script>\n<!-- \/ Yoast SEO plugin. -->","yoast_head_json":{"title":"Sustainability strategy - Muaret Textil","robots":{"index":"noindex","follow":"nofollow"},"og_locale":"en_US","og_type":"article","og_title":"Sustainability strategy - Muaret Textil","og_url":"https:\/\/muaret-textil.com\/en\/sustainability-strategy\/","og_site_name":"Muaret Textil","article_modified_time":"2024-03-26T11:40:32+00:00","twitter_card":"summary_large_image","twitter_misc":{"Est. reading time":"1 minute"},"schema":{"@context":"https:\/\/schema.org","@graph":[{"@type":"WebPage","@id":"https:\/\/muaret-textil.com\/en\/sustainability-strategy\/","url":"https:\/\/muaret-textil.com\/en\/sustainability-strategy\/","name":"Sustainability strategy - Muaret Textil","isPartOf":{"@id":"https:\/\/muaret-textil.com\/en\/#website"},"datePublished":"2023-04-21T11:53:53+00:00","dateModified":"2024-03-26T11:40:32+00:00","breadcrumb":{"@id":"https:\/\/muaret-textil.com\/en\/sustainability-strategy\/#breadcrumb"},"inLanguage":"en-US","potentialAction":[{"@type":"ReadAction","target":["https:\/\/muaret-textil.com\/en\/sustainability-strategy\/"]}]},{"@type":"BreadcrumbList","@id":"https:\/\/muaret-textil.com\/en\/sustainability-strategy\/#breadcrumb","itemListElement":[{"@type":"ListItem","position":1,"name":"Home","item":"https:\/\/muaret-textil.com\/en\/home\/"},{"@type":"ListItem","position":2,"name":"Sustainability strategy"}]},{"@type":"WebSite","@id":"https:\/\/muaret-textil.com\/en\/#website","url":"https:\/\/muaret-textil.com\/en\/","name":"Muaret Textil","description":"Dise\u00f1o, fabricaci\u00f3n y comercializaci\u00f3n de tejidos t\u00e9cnicos","publisher":{"@id":"https:\/\/muaret-textil.com\/en\/#organization"},"potentialAction":[{"@type":"SearchAction","target":{"@type":"EntryPoint","urlTemplate":"https:\/\/muaret-textil.com\/en\/?s={search_term_string}"},"query-input":{"@type":"PropertyValueSpecification","valueRequired":true,"valueName":"search_term_string"}}],"inLanguage":"en-US"},{"@type":"Organization","@id":"https:\/\/muaret-textil.com\/en\/#organization","name":"Muaret Textil","url":"https:\/\/muaret-textil.com\/en\/","logo":{"@type":"ImageObject","inLanguage":"en-US","@id":"https:\/\/muaret-textil.com\/en\/#\/schema\/logo\/image\/","url":"https:\/\/muaret-textil.com\/wp-content\/uploads\/2022\/11\/logo-muaret.webp","contentUrl":"https:\/\/muaret-textil.com\/wp-content\/uploads\/2022\/11\/logo-muaret.webp","width":542,"height":702,"caption":"Muaret Textil"},"image":{"@id":"https:\/\/muaret-textil.com\/en\/#\/schema\/logo\/image\/"}}]}},"_links":{"self":[{"href":"https:\/\/muaret-textil.com\/en\/wp-json\/wp\/v2\/pages\/838","targetHints":{"allow":["GET"]}}],"collection":[{"href":"https:\/\/muaret-textil.com\/en\/wp-json\/wp\/v2\/pages"}],"about":[{"href":"https:\/\/muaret-textil.com\/en\/wp-json\/wp\/v2\/types\/page"}],"author":[{"embeddable":true,"href":"https:\/\/muaret-textil.com\/en\/wp-json\/wp\/v2\/users\/3"}],"replies":[{"embeddable":true,"href":"https:\/\/muaret-textil.com\/en\/wp-json\/wp\/v2\/comments?post=838"}],"version-history":[{"count":12,"href":"https:\/\/muaret-textil.com\/en\/wp-json\/wp\/v2\/pages\/838\/revisions"}],"predecessor-version":[{"id":1322,"href":"https:\/\/muaret-textil.com\/en\/wp-json\/wp\/v2\/pages\/838\/revisions\/1322"}],"wp:attachment":[{"href":"https:\/\/muaret-textil.com\/en\/wp-json\/wp\/v2\/media?parent=838"}],"curies":[{"name":"wp","href":"https:\/\/api.w.org\/{rel}","templated":true}]}}