{"id":101,"date":"2022-11-04T14:16:55","date_gmt":"2022-11-04T12:16:55","guid":{"rendered":"https:\/\/muaret-textil.com\/?page_id=101"},"modified":"2023-05-09T12:33:20","modified_gmt":"2023-05-09T10:33:20","slug":"la-empresa","status":"publish","type":"page","link":"https:\/\/muaret-textil.com\/es\/la-empresa\/","title":{"rendered":"La empresa"},"content":{"rendered":"\n\n\t<section class=\"section dark\" id=\"section_844707699\">\n\t\t<div class=\"section-bg fill\" >\n\t\t\t<img loading=\"lazy\" decoding=\"async\" width=\"2160\" height=\"1440\" src=\"https:\/\/muaret-textil.com\/wp-content\/uploads\/2023\/02\/tradicion-muaret-maquina-medidor-metros.webp\" class=\"bg attachment- size-\" alt=\"\" \/>\t\t\t\t\t\t\n\t\t\t\n\n\t\t<\/div>\n\n\t\t\n\n\t\t<div class=\"section-content relative\">\n\t\t\t\n\n<div class=\"row\"  id=\"row-1328986074\">\n\n\n\t<div id=\"col-491472428\" class=\"col small-12 large-12\"  >\n\t\t\t\t<div class=\"col-inner\"  >\n\t\t\t\n\t\t\t\n\n\t<div id=\"text-178264876\" class=\"text\">\n\t\t\n\n<h1 class=\"uppercase\">Nuestra historia<\/h1>\n\t\t\n<style>\n#text-178264876 {\n  font-size: 2rem;\n  text-align: center;\n}\n<\/style>\n\t<\/div>\n\t\n\n\t\t<\/div>\n\t\t\t\t\t<\/div>\n\n\t\n\n<\/div>\n\n\t\t<\/div>\n\n\t\t\n<style>\n#section_844707699 {\n  padding-top: 90px;\n  padding-bottom: 90px;\n  background-color: rgb(40, 40, 40);\n}\n<\/style>\n\t<\/section>\n\t\n\n\t<section class=\"section\" id=\"section_614390730\">\n\t\t<div class=\"section-bg fill\" >\n\t\t\t\t\t\t\t\t\t<div class=\"section-bg-overlay absolute fill\"><\/div>\n\t\t\t\n\n\t\t<\/div>\n\n\t\t\n\n\t\t<div class=\"section-content relative\">\n\t\t\t\n\n<div class=\"row row-large align-middle\"  id=\"row-1248343370\">\n\n\n\t<div id=\"col-922502532\" class=\"col medium-6 small-12 large-6\"  >\n\t\t\t\t<div class=\"col-inner text-left\"  >\n\t\t\t\n\t\t\t\n\n<h2>Una compa\u00f1\u00eda EN VANGUARDIA<\/h2>\n<div class=\"is-divider divider clearfix\" style=\"max-width:200px;height:1px;background-color:rgb(0, 0, 0);\"><\/div>\n\n<p>Situados en Terrassa (Barcelona), la ciudad-cuna de la industria textil, somos una empresa con un equipo profesional de m\u00e1s de 40 a\u00f1os de experiencia en el dise\u00f1o, fabricaci\u00f3n y comercializaci\u00f3n de tejidos t\u00e9cnicos, especialmente para el sector del transporte p\u00fablico en el mercado espa\u00f1ol e internacional. Tambi\u00e9n nos especializamos en los tejidos regionales con una cartera importante de dise\u00f1os para telas de trajes, ofreciendo nuevos dise\u00f1os actualizados de las telas tradicionales.<\/p>\n\n\t\t<\/div>\n\t\t\t\t\t<\/div>\n\n\t\n\n\t<div id=\"col-246447795\" class=\"col medium-6 small-12 large-6\"  >\n\t\t\t\t<div class=\"col-inner\"  >\n\t\t\t\n\t\t\t\n\n\t<div class=\"img has-hover x md-x lg-x y md-y lg-y\" id=\"image_1401658971\">\n\t\t\t\t\t\t\t\t<div class=\"img-inner dark\" >\n\t\t\t<img loading=\"lazy\" decoding=\"async\" width=\"1020\" height=\"680\" src=\"https:\/\/muaret-textil.com\/wp-content\/uploads\/2022\/11\/historia-muaret-textil-1024x683.webp\" class=\"attachment-large size-large\" alt=\"historia muaret textil\" srcset=\"https:\/\/muaret-textil.com\/wp-content\/uploads\/2022\/11\/historia-muaret-textil-1024x683.webp 1024w, https:\/\/muaret-textil.com\/wp-content\/uploads\/2022\/11\/historia-muaret-textil-300x200.webp 300w, https:\/\/muaret-textil.com\/wp-content\/uploads\/2022\/11\/historia-muaret-textil-768x512.webp 768w, https:\/\/muaret-textil.com\/wp-content\/uploads\/2022\/11\/historia-muaret-textil-1536x1024.webp 1536w, https:\/\/muaret-textil.com\/wp-content\/uploads\/2022\/11\/historia-muaret-textil-2048x1365.webp 2048w\" sizes=\"auto, (max-width: 1020px) 100vw, 1020px\" \/>\t\t\t\t\t\t\n\t\t\t\t\t<\/div>\n\t\t\t\t\t\t\t\t\n<style>\n#image_1401658971 {\n  width: 100%;\n}\n<\/style>\n\t<\/div>\n\t\n\n\n\t\t<\/div>\n\t\t\t\t\t<\/div>\n\n\t\n\n\n<style>\n#row-1248343370 > .col > .col-inner {\n  padding: 20px 0px 0px 0px;\n}\n<\/style>\n<\/div>\n\n\t\t<\/div>\n\n\t\t\n<style>\n#section_614390730 {\n  padding-top: 30px;\n  padding-bottom: 30px;\n}\n#section_614390730 .section-bg-overlay {\n  background-color: rgba(255, 255, 255, 0.85);\n}\n<\/style>\n\t<\/section>\n\t\n\n\t<section class=\"section\" id=\"section_2065266031\">\n\t\t<div class=\"section-bg fill\" >\n\t\t\t\t\t\t\t\t\t\n\t\t\t\n\n\t\t<\/div>\n\n\t\t\n\n\t\t<div class=\"section-content relative\">\n\t\t\t\n\n<div class=\"row\"  id=\"row-1226914235\">\n\n\n\t<div id=\"col-1029472476\" class=\"col small-12 large-12\"  >\n\t\t\t\t<div class=\"col-inner\"  >\n\t\t\t\n\t\t\t\n\n<blockquote>\n<p><span style=\"font-weight: 400;\">Conocemos y entendemos las necesidades de nuestros clientes para ofrecerles productos adecuados a su negocio y personalizados para cada uno de sus proyectos.<\/span><\/p>\n<\/blockquote>\n\n\t\t<\/div>\n\t\t\t\t\n<style>\n#col-1029472476 > .col-inner {\n  margin: 0px 0px -50px 0px;\n}\n<\/style>\n\t<\/div>\n\n\t\n\n<\/div>\n\n\t\t<\/div>\n\n\t\t\n<style>\n#section_2065266031 {\n  padding-top: 30px;\n  padding-bottom: 30px;\n}\n<\/style>\n\t<\/section>\n\t\n\n\t<section class=\"section\" id=\"section_1071867279\">\n\t\t<div class=\"section-bg fill\" >\n\t\t\t\t\t\t\t\t\t<div class=\"section-bg-overlay absolute fill\"><\/div>\n\t\t\t\n\n\t\t<\/div>\n\n\t\t\n\n\t\t<div class=\"section-content relative\">\n\t\t\t\n\n<div class=\"row row-large align-middle\"  id=\"row-1315815834\">\n\n\n\t<div id=\"col-1667003380\" class=\"col medium-6 small-12 large-6\"  >\n\t\t\t\t<div class=\"col-inner\"  >\n\t\t\t\n\t\t\t\n\n\t<div class=\"img has-hover x md-x lg-x y md-y lg-y\" id=\"image_1841487617\">\n\t\t\t\t\t\t\t\t<div class=\"img-inner dark\" >\n\t\t\t<img loading=\"lazy\" decoding=\"async\" width=\"1020\" height=\"680\" src=\"https:\/\/muaret-textil.com\/wp-content\/uploads\/2022\/11\/historia-muaret-textil-2-1024x683.webp\" class=\"attachment-large size-large\" alt=\"trajectoria muaret textil\" srcset=\"https:\/\/muaret-textil.com\/wp-content\/uploads\/2022\/11\/historia-muaret-textil-2-1024x683.webp 1024w, https:\/\/muaret-textil.com\/wp-content\/uploads\/2022\/11\/historia-muaret-textil-2-300x200.webp 300w, https:\/\/muaret-textil.com\/wp-content\/uploads\/2022\/11\/historia-muaret-textil-2-768x512.webp 768w, https:\/\/muaret-textil.com\/wp-content\/uploads\/2022\/11\/historia-muaret-textil-2-1536x1024.webp 1536w, https:\/\/muaret-textil.com\/wp-content\/uploads\/2022\/11\/historia-muaret-textil-2-2048x1365.webp 2048w\" sizes=\"auto, (max-width: 1020px) 100vw, 1020px\" \/>\t\t\t\t\t\t\n\t\t\t\t\t<\/div>\n\t\t\t\t\t\t\t\t\n<style>\n#image_1841487617 {\n  width: 100%;\n}\n<\/style>\n\t<\/div>\n\t\n\n\n\t\t<\/div>\n\t\t\t\t\t<\/div>\n\n\t\n\n\t<div id=\"col-1970324592\" class=\"col medium-6 small-12 large-6 small-col-first\"  >\n\t\t\t\t<div class=\"col-inner text-left\"  >\n\t\t\t\n\t\t\t\n\n<h2>Las mejores SOLUCIONES PARA TEXTILES INDUSTRIALES<\/h2>\n<div class=\"is-divider divider clearfix\" style=\"max-width:200px;height:1px;background-color:rgb(0, 0, 0);\"><\/div>\n\n<p>Disponemos de un plan de negocio claro, una trazabilidad precisa y un excelente control de calidad, junto al compromiso social y ambiental en nuestros trabajos. Todo ello nos otorga una garant\u00eda y fiabilidad como colaboradores en el cumplimiento de las exigencias en cada uno de los proyectos que nuestros clientes nos encargan.<\/p>\n\n\t\t<\/div>\n\t\t\t\t\t<\/div>\n\n\t\n\n\n<style>\n#row-1315815834 > .col > .col-inner {\n  padding: 0px 0px 0px 0px;\n}\n<\/style>\n<\/div>\n\n\t\t<\/div>\n\n\t\t\n<style>\n#section_1071867279 {\n  padding-top: 60px;\n  padding-bottom: 60px;\n}\n#section_1071867279 .section-bg-overlay {\n  background-color: rgba(255, 255, 255, 0.85);\n}\n<\/style>\n\t<\/section>\n\t\n\n","protected":false},"excerpt":{"rendered":"","protected":false},"author":3,"featured_media":0,"parent":0,"menu_order":10,"comment_status":"closed","ping_status":"closed","template":"page-blank.php","meta":{"footnotes":""},"class_list":["post-101","page","type-page","status-publish","hentry"],"yoast_head":"<!-- This site is optimized with the Yoast SEO plugin v27.1.1 - https:\/\/yoast.com\/product\/yoast-seo-wordpress\/ -->\n<title>Historia de la empresa | Muaret Textil<\/title>\n<meta name=\"description\" content=\"Descubre la trayectoria de Muaret Textil, una empresa con un equipo de m\u00e1s de 40 a\u00f1os de experiencia que confecciona tejidos t\u00e9cnicos de alta calidad. \u00a1Entra!\" \/>\n<meta name=\"robots\" content=\"index, follow, max-snippet:-1, max-image-preview:large, max-video-preview:-1\" \/>\n<link rel=\"canonical\" href=\"https:\/\/muaret-textil.com\/es\/la-empresa\/\" \/>\n<meta property=\"og:locale\" content=\"es_ES\" \/>\n<meta property=\"og:type\" content=\"article\" \/>\n<meta property=\"og:title\" content=\"Historia de la empresa | Muaret Textil\" \/>\n<meta property=\"og:description\" content=\"Descubre la trayectoria de Muaret Textil, una empresa con un equipo de m\u00e1s de 40 a\u00f1os de experiencia que confecciona tejidos t\u00e9cnicos de alta calidad. \u00a1Entra!\" \/>\n<meta property=\"og:url\" content=\"https:\/\/muaret-textil.com\/es\/la-empresa\/\" \/>\n<meta property=\"og:site_name\" content=\"Muaret Textil\" \/>\n<meta property=\"article:modified_time\" content=\"2023-05-09T10:33:20+00:00\" \/>\n<meta name=\"twitter:card\" content=\"summary_large_image\" \/>\n<meta name=\"twitter:label1\" content=\"Tiempo de lectura\" \/>\n\t<meta name=\"twitter:data1\" content=\"2 minutos\" \/>\n<script type=\"application\/ld+json\" class=\"yoast-schema-graph\">{\"@context\":\"https:\/\/schema.org\",\"@graph\":[{\"@type\":\"WebPage\",\"@id\":\"https:\/\/muaret-textil.com\/es\/la-empresa\/\",\"url\":\"https:\/\/muaret-textil.com\/es\/la-empresa\/\",\"name\":\"Historia de la empresa | Muaret Textil\",\"isPartOf\":{\"@id\":\"https:\/\/muaret-textil.com\/es\/#website\"},\"datePublished\":\"2022-11-04T12:16:55+00:00\",\"dateModified\":\"2023-05-09T10:33:20+00:00\",\"description\":\"Descubre la trayectoria de Muaret Textil, una empresa con un equipo de m\u00e1s de 40 a\u00f1os de experiencia que confecciona tejidos t\u00e9cnicos de alta calidad. \u00a1Entra!\",\"breadcrumb\":{\"@id\":\"https:\/\/muaret-textil.com\/es\/la-empresa\/#breadcrumb\"},\"inLanguage\":\"es\",\"potentialAction\":[{\"@type\":\"ReadAction\",\"target\":[\"https:\/\/muaret-textil.com\/es\/la-empresa\/\"]}]},{\"@type\":\"BreadcrumbList\",\"@id\":\"https:\/\/muaret-textil.com\/es\/la-empresa\/#breadcrumb\",\"itemListElement\":[{\"@type\":\"ListItem\",\"position\":1,\"name\":\"Home\",\"item\":\"https:\/\/muaret-textil.com\/es\/\"},{\"@type\":\"ListItem\",\"position\":2,\"name\":\"La empresa\"}]},{\"@type\":\"WebSite\",\"@id\":\"https:\/\/muaret-textil.com\/es\/#website\",\"url\":\"https:\/\/muaret-textil.com\/es\/\",\"name\":\"Muaret Textil\",\"description\":\"Dise\u00f1o, fabricaci\u00f3n y comercializaci\u00f3n de tejidos t\u00e9cnicos\",\"publisher\":{\"@id\":\"https:\/\/muaret-textil.com\/es\/#organization\"},\"potentialAction\":[{\"@type\":\"SearchAction\",\"target\":{\"@type\":\"EntryPoint\",\"urlTemplate\":\"https:\/\/muaret-textil.com\/es\/?s={search_term_string}\"},\"query-input\":{\"@type\":\"PropertyValueSpecification\",\"valueRequired\":true,\"valueName\":\"search_term_string\"}}],\"inLanguage\":\"es\"},{\"@type\":\"Organization\",\"@id\":\"https:\/\/muaret-textil.com\/es\/#organization\",\"name\":\"Muaret Textil\",\"url\":\"https:\/\/muaret-textil.com\/es\/\",\"logo\":{\"@type\":\"ImageObject\",\"inLanguage\":\"es\",\"@id\":\"https:\/\/muaret-textil.com\/es\/#\/schema\/logo\/image\/\",\"url\":\"https:\/\/muaret-textil.com\/wp-content\/uploads\/2022\/11\/logo-muaret.webp\",\"contentUrl\":\"https:\/\/muaret-textil.com\/wp-content\/uploads\/2022\/11\/logo-muaret.webp\",\"width\":542,\"height\":702,\"caption\":\"Muaret Textil\"},\"image\":{\"@id\":\"https:\/\/muaret-textil.com\/es\/#\/schema\/logo\/image\/\"}}]}<\/script>\n<!-- \/ Yoast SEO plugin. -->","yoast_head_json":{"title":"Historia de la empresa | Muaret Textil","description":"Descubre la trayectoria de Muaret Textil, una empresa con un equipo de m\u00e1s de 40 a\u00f1os de experiencia que confecciona tejidos t\u00e9cnicos de alta calidad. \u00a1Entra!","robots":{"index":"index","follow":"follow","max-snippet":"max-snippet:-1","max-image-preview":"max-image-preview:large","max-video-preview":"max-video-preview:-1"},"canonical":"https:\/\/muaret-textil.com\/es\/la-empresa\/","og_locale":"es_ES","og_type":"article","og_title":"Historia de la empresa | Muaret Textil","og_description":"Descubre la trayectoria de Muaret Textil, una empresa con un equipo de m\u00e1s de 40 a\u00f1os de experiencia que confecciona tejidos t\u00e9cnicos de alta calidad. \u00a1Entra!","og_url":"https:\/\/muaret-textil.com\/es\/la-empresa\/","og_site_name":"Muaret Textil","article_modified_time":"2023-05-09T10:33:20+00:00","twitter_card":"summary_large_image","twitter_misc":{"Tiempo de lectura":"2 minutos"},"schema":{"@context":"https:\/\/schema.org","@graph":[{"@type":"WebPage","@id":"https:\/\/muaret-textil.com\/es\/la-empresa\/","url":"https:\/\/muaret-textil.com\/es\/la-empresa\/","name":"Historia de la empresa | Muaret Textil","isPartOf":{"@id":"https:\/\/muaret-textil.com\/es\/#website"},"datePublished":"2022-11-04T12:16:55+00:00","dateModified":"2023-05-09T10:33:20+00:00","description":"Descubre la trayectoria de Muaret Textil, una empresa con un equipo de m\u00e1s de 40 a\u00f1os de experiencia que confecciona tejidos t\u00e9cnicos de alta calidad. \u00a1Entra!","breadcrumb":{"@id":"https:\/\/muaret-textil.com\/es\/la-empresa\/#breadcrumb"},"inLanguage":"es","potentialAction":[{"@type":"ReadAction","target":["https:\/\/muaret-textil.com\/es\/la-empresa\/"]}]},{"@type":"BreadcrumbList","@id":"https:\/\/muaret-textil.com\/es\/la-empresa\/#breadcrumb","itemListElement":[{"@type":"ListItem","position":1,"name":"Home","item":"https:\/\/muaret-textil.com\/es\/"},{"@type":"ListItem","position":2,"name":"La empresa"}]},{"@type":"WebSite","@id":"https:\/\/muaret-textil.com\/es\/#website","url":"https:\/\/muaret-textil.com\/es\/","name":"Muaret Textil","description":"Dise\u00f1o, fabricaci\u00f3n y comercializaci\u00f3n de tejidos t\u00e9cnicos","publisher":{"@id":"https:\/\/muaret-textil.com\/es\/#organization"},"potentialAction":[{"@type":"SearchAction","target":{"@type":"EntryPoint","urlTemplate":"https:\/\/muaret-textil.com\/es\/?s={search_term_string}"},"query-input":{"@type":"PropertyValueSpecification","valueRequired":true,"valueName":"search_term_string"}}],"inLanguage":"es"},{"@type":"Organization","@id":"https:\/\/muaret-textil.com\/es\/#organization","name":"Muaret Textil","url":"https:\/\/muaret-textil.com\/es\/","logo":{"@type":"ImageObject","inLanguage":"es","@id":"https:\/\/muaret-textil.com\/es\/#\/schema\/logo\/image\/","url":"https:\/\/muaret-textil.com\/wp-content\/uploads\/2022\/11\/logo-muaret.webp","contentUrl":"https:\/\/muaret-textil.com\/wp-content\/uploads\/2022\/11\/logo-muaret.webp","width":542,"height":702,"caption":"Muaret Textil"},"image":{"@id":"https:\/\/muaret-textil.com\/es\/#\/schema\/logo\/image\/"}}]}},"_links":{"self":[{"href":"https:\/\/muaret-textil.com\/es\/wp-json\/wp\/v2\/pages\/101","targetHints":{"allow":["GET"]}}],"collection":[{"href":"https:\/\/muaret-textil.com\/es\/wp-json\/wp\/v2\/pages"}],"about":[{"href":"https:\/\/muaret-textil.com\/es\/wp-json\/wp\/v2\/types\/page"}],"author":[{"embeddable":true,"href":"https:\/\/muaret-textil.com\/es\/wp-json\/wp\/v2\/users\/3"}],"replies":[{"embeddable":true,"href":"https:\/\/muaret-textil.com\/es\/wp-json\/wp\/v2\/comments?post=101"}],"version-history":[{"count":23,"href":"https:\/\/muaret-textil.com\/es\/wp-json\/wp\/v2\/pages\/101\/revisions"}],"predecessor-version":[{"id":591,"href":"https:\/\/muaret-textil.com\/es\/wp-json\/wp\/v2\/pages\/101\/revisions\/591"}],"wp:attachment":[{"href":"https:\/\/muaret-textil.com\/es\/wp-json\/wp\/v2\/media?parent=101"}],"curies":[{"name":"wp","href":"https:\/\/api.w.org\/{rel}","templated":true}]}}