{"id":614,"date":"2023-04-21T13:53:53","date_gmt":"2023-04-21T11:53:53","guid":{"rendered":"https:\/\/muaret-textil.com\/?page_id=614"},"modified":"2024-03-26T13:39:13","modified_gmt":"2024-03-26T11:39:13","slug":"estrategia-de-sostenibilidad","status":"publish","type":"page","link":"https:\/\/muaret-textil.com\/es\/estrategia-de-sostenibilidad\/","title":{"rendered":"Estrategia de sostenibilidad"},"content":{"rendered":"\n<div class=\"row\"  id=\"row-1514669887\">\n\n\n\t<div id=\"col-1551466722\" class=\"col small-12 large-12\"  >\n\t\t\t\t<div class=\"col-inner\"  >\n\t\t\t\n\t\t\t\n\n<div class=\"container section-title-container\" ><h1 class=\"section-title section-title-normal\"><b aria-hidden=\"true\"><\/b><span class=\"section-title-main\" >Estrategia sosteniblidad<\/span><b aria-hidden=\"true\"><\/b><\/h1><\/div>\n\n<div class=\"row align-equal align-center\"  id=\"row-1467538535\">\n\n\n\t<div id=\"col-337429488\" class=\"col small-12 large-12\"  >\n\t\t\t\t<div class=\"col-inner text-center\"  >\n\t\t\t\n\t\t\t\n\n\t<div class=\"img has-hover x md-x lg-x y md-y lg-y\" id=\"image_1175202580\">\n\t\t\t\t\t\t\t\t<div class=\"img-inner dark\" >\n\t\t\t<img loading=\"lazy\" decoding=\"async\" width=\"1020\" height=\"867\" src=\"https:\/\/muaret-textil.com\/wp-content\/uploads\/2023\/04\/logo-union-europea-1024x870.png\" class=\"attachment-large size-large\" alt=\"\" srcset=\"https:\/\/muaret-textil.com\/wp-content\/uploads\/2023\/04\/logo-union-europea-1024x870.png 1024w, https:\/\/muaret-textil.com\/wp-content\/uploads\/2023\/04\/logo-union-europea-300x255.png 300w, https:\/\/muaret-textil.com\/wp-content\/uploads\/2023\/04\/logo-union-europea-768x653.png 768w, https:\/\/muaret-textil.com\/wp-content\/uploads\/2023\/04\/logo-union-europea.png 1446w\" sizes=\"auto, (max-width: 1020px) 100vw, 1020px\" \/>\t\t\t\t\t\t\n\t\t\t\t\t<\/div>\n\t\t\t\t\t\t\t\t\n<style>\n#image_1175202580 {\n  width: 34%;\n}\n<\/style>\n\t<\/div>\n\t\n\n\n\t\t<\/div>\n\t\t\t\t\n<style>\n#col-337429488 > .col-inner {\n  padding: 0px 0px 0px 0px;\n}\n<\/style>\n\t<\/div>\n\n\t\n\n\t<div id=\"col-1142355259\" class=\"col medium-6 small-6 large-6\"  >\n\t\t\t\t<div class=\"col-inner text-center\"  >\n\t\t\t\n\t\t\t\n\n\t<div class=\"img has-hover x md-x lg-x y md-y lg-y\" id=\"image_577685014\">\n\t\t\t\t\t\t\t\t<div class=\"img-inner dark\" >\n\t\t\t<img loading=\"lazy\" decoding=\"async\" width=\"410\" height=\"123\" src=\"https:\/\/muaret-textil.com\/wp-content\/uploads\/2023\/04\/logo-camara-comercio.png\" class=\"attachment-large size-large\" alt=\"\" srcset=\"https:\/\/muaret-textil.com\/wp-content\/uploads\/2023\/04\/logo-camara-comercio.png 410w, https:\/\/muaret-textil.com\/wp-content\/uploads\/2023\/04\/logo-camara-comercio-300x90.png 300w\" sizes=\"auto, (max-width: 410px) 100vw, 410px\" \/>\t\t\t\t\t\t\n\t\t\t\t\t<\/div>\n\t\t\t\t\t\t\t\t\n<style>\n#image_577685014 {\n  width: 54%;\n}\n<\/style>\n\t<\/div>\n\t\n\n\n\t\t<\/div>\n\t\t\t\t\t<\/div>\n\n\t\n\n\t<div id=\"col-447057338\" class=\"col medium-6 small-6 large-6\"  >\n\t\t\t\t<div class=\"col-inner text-center\"  >\n\t\t\t\n\t\t\t\n\n\t<div class=\"img has-hover x md-x lg-x y md-y lg-y\" id=\"image_1613303952\">\n\t\t\t\t\t\t\t\t<div class=\"img-inner dark\" >\n\t\t\t<img loading=\"lazy\" decoding=\"async\" width=\"486\" height=\"122\" src=\"https:\/\/muaret-textil.com\/wp-content\/uploads\/2023\/04\/logo-cambra-comerc-terrassa.png\" class=\"attachment-large size-large\" alt=\"\" srcset=\"https:\/\/muaret-textil.com\/wp-content\/uploads\/2023\/04\/logo-cambra-comerc-terrassa.png 486w, https:\/\/muaret-textil.com\/wp-content\/uploads\/2023\/04\/logo-cambra-comerc-terrassa-300x75.png 300w\" sizes=\"auto, (max-width: 486px) 100vw, 486px\" \/>\t\t\t\t\t\t\n\t\t\t\t\t<\/div>\n\t\t\t\t\t\t\t\t\n<style>\n#image_1613303952 {\n  width: 56%;\n}\n<\/style>\n\t<\/div>\n\t\n\n\n\t\t<\/div>\n\t\t\t\t\t<\/div>\n\n\t\n\n\t<div id=\"col-759305584\" class=\"col small-12 large-12\"  >\n\t\t\t\t<div class=\"col-inner text-center\"  >\n\t\t\t\n\t\t\t\n\n\t<div class=\"img has-hover x md-x lg-x y md-y lg-y\" id=\"image_1309719479\">\n\t\t\t\t\t\t\t\t<div class=\"img-inner dark\" >\n\t\t\t<img loading=\"lazy\" decoding=\"async\" width=\"1020\" height=\"258\" src=\"https:\/\/muaret-textil.com\/wp-content\/uploads\/2023\/04\/logo-sostenibilidad-1024x259.png\" class=\"attachment-large size-large\" alt=\"\" srcset=\"https:\/\/muaret-textil.com\/wp-content\/uploads\/2023\/04\/logo-sostenibilidad-1024x259.png 1024w, https:\/\/muaret-textil.com\/wp-content\/uploads\/2023\/04\/logo-sostenibilidad-300x76.png 300w, https:\/\/muaret-textil.com\/wp-content\/uploads\/2023\/04\/logo-sostenibilidad-768x194.png 768w, https:\/\/muaret-textil.com\/wp-content\/uploads\/2023\/04\/logo-sostenibilidad-1536x389.png 1536w, https:\/\/muaret-textil.com\/wp-content\/uploads\/2023\/04\/logo-sostenibilidad.png 1957w\" sizes=\"auto, (max-width: 1020px) 100vw, 1020px\" \/>\t\t\t\t\t\t\n\t\t\t\t\t<\/div>\n\t\t\t\t\t\t\t\t\n<style>\n#image_1309719479 {\n  width: 70%;\n}\n<\/style>\n\t<\/div>\n\t\n\n<p>MUARET TEXTIL, S.L., ha sido beneficiaria del Fondo Europeo de Desarrollo Regional cuyo objetivo es Potenciar la investigaci\u00f3n, el desarrollo tecnol\u00f3gico y la innovaci\u00f3n, gracias a que ha cambiado sus fluorescentes tradicionales por dispositivos LED para apoyar la creaci\u00f3n y consolidaci\u00f3n de empresas innovadoras el 18\/04\/2023. Para ello ha contado con el apoyo del Programa de Sostenibilidad para pymes 2023 de la C\u00e1mara de Comercio de Terrassa.<\/p>\n\n\t\t<\/div>\n\t\t\t\t\t<\/div>\n\n\t\n\n\t<div id=\"col-866920798\" class=\"col small-12 large-12\"  >\n\t\t\t\t<div class=\"col-inner\" style=\"background-color:rgb(2, 69, 148);\" >\n\t\t\t\n\t\t\t\n\n\t<div id=\"text-2398970850\" class=\"text\">\n\t\t\n\n<p><strong>Una manera de hacer Europa<\/strong><\/p>\n\t\t\n<style>\n#text-2398970850 {\n  font-size: 1.95rem;\n  line-height: 1;\n  text-align: center;\n  color: rgb(249, 236, 40);\n}\n#text-2398970850 > * {\n  color: rgb(249, 236, 40);\n}\n@media (min-width:550px) {\n  #text-2398970850 {\n    line-height: 0.75;\n  }\n}\n<\/style>\n\t<\/div>\n\t\n\n\t\t<\/div>\n\t\t\t\t\n<style>\n#col-866920798 > .col-inner {\n  padding: 16px 0px 0px 0px;\n}\n<\/style>\n\t<\/div>\n\n\t\n\n<\/div>\n\n\t\t<\/div>\n\t\t\t\t\t<\/div>\n\n\t\n\n<\/div>\n\n","protected":false},"excerpt":{"rendered":"","protected":false},"author":3,"featured_media":0,"parent":0,"menu_order":0,"comment_status":"closed","ping_status":"closed","template":"","meta":{"footnotes":""},"class_list":["post-614","page","type-page","status-publish","hentry"],"yoast_head":"<!-- This site is optimized with the Yoast SEO plugin v27.1.1 - https:\/\/yoast.com\/product\/yoast-seo-wordpress\/ -->\n<title>Estrategia de sostenibilidad - Muaret Textil<\/title>\n<meta name=\"robots\" content=\"noindex, nofollow\" \/>\n<meta property=\"og:locale\" content=\"es_ES\" \/>\n<meta property=\"og:type\" content=\"article\" \/>\n<meta property=\"og:title\" content=\"Estrategia de sostenibilidad - Muaret Textil\" \/>\n<meta property=\"og:url\" content=\"https:\/\/muaret-textil.com\/es\/estrategia-de-sostenibilidad\/\" \/>\n<meta property=\"og:site_name\" content=\"Muaret Textil\" \/>\n<meta property=\"article:modified_time\" content=\"2024-03-26T11:39:13+00:00\" \/>\n<meta name=\"twitter:card\" content=\"summary_large_image\" \/>\n<meta name=\"twitter:label1\" content=\"Tiempo de lectura\" \/>\n\t<meta name=\"twitter:data1\" content=\"1 minuto\" \/>\n<script type=\"application\/ld+json\" class=\"yoast-schema-graph\">{\"@context\":\"https:\/\/schema.org\",\"@graph\":[{\"@type\":\"WebPage\",\"@id\":\"https:\/\/muaret-textil.com\/es\/estrategia-de-sostenibilidad\/\",\"url\":\"https:\/\/muaret-textil.com\/es\/estrategia-de-sostenibilidad\/\",\"name\":\"Estrategia de sostenibilidad - Muaret Textil\",\"isPartOf\":{\"@id\":\"https:\/\/muaret-textil.com\/es\/#website\"},\"datePublished\":\"2023-04-21T11:53:53+00:00\",\"dateModified\":\"2024-03-26T11:39:13+00:00\",\"breadcrumb\":{\"@id\":\"https:\/\/muaret-textil.com\/es\/estrategia-de-sostenibilidad\/#breadcrumb\"},\"inLanguage\":\"es\",\"potentialAction\":[{\"@type\":\"ReadAction\",\"target\":[\"https:\/\/muaret-textil.com\/es\/estrategia-de-sostenibilidad\/\"]}]},{\"@type\":\"BreadcrumbList\",\"@id\":\"https:\/\/muaret-textil.com\/es\/estrategia-de-sostenibilidad\/#breadcrumb\",\"itemListElement\":[{\"@type\":\"ListItem\",\"position\":1,\"name\":\"Home\",\"item\":\"https:\/\/muaret-textil.com\/es\/\"},{\"@type\":\"ListItem\",\"position\":2,\"name\":\"Estrategia de sostenibilidad\"}]},{\"@type\":\"WebSite\",\"@id\":\"https:\/\/muaret-textil.com\/es\/#website\",\"url\":\"https:\/\/muaret-textil.com\/es\/\",\"name\":\"Muaret Textil\",\"description\":\"Dise\u00f1o, fabricaci\u00f3n y comercializaci\u00f3n de tejidos t\u00e9cnicos\",\"publisher\":{\"@id\":\"https:\/\/muaret-textil.com\/es\/#organization\"},\"potentialAction\":[{\"@type\":\"SearchAction\",\"target\":{\"@type\":\"EntryPoint\",\"urlTemplate\":\"https:\/\/muaret-textil.com\/es\/?s={search_term_string}\"},\"query-input\":{\"@type\":\"PropertyValueSpecification\",\"valueRequired\":true,\"valueName\":\"search_term_string\"}}],\"inLanguage\":\"es\"},{\"@type\":\"Organization\",\"@id\":\"https:\/\/muaret-textil.com\/es\/#organization\",\"name\":\"Muaret Textil\",\"url\":\"https:\/\/muaret-textil.com\/es\/\",\"logo\":{\"@type\":\"ImageObject\",\"inLanguage\":\"es\",\"@id\":\"https:\/\/muaret-textil.com\/es\/#\/schema\/logo\/image\/\",\"url\":\"https:\/\/muaret-textil.com\/wp-content\/uploads\/2022\/11\/logo-muaret.webp\",\"contentUrl\":\"https:\/\/muaret-textil.com\/wp-content\/uploads\/2022\/11\/logo-muaret.webp\",\"width\":542,\"height\":702,\"caption\":\"Muaret Textil\"},\"image\":{\"@id\":\"https:\/\/muaret-textil.com\/es\/#\/schema\/logo\/image\/\"}}]}<\/script>\n<!-- \/ Yoast SEO plugin. -->","yoast_head_json":{"title":"Estrategia de sostenibilidad - Muaret Textil","robots":{"index":"noindex","follow":"nofollow"},"og_locale":"es_ES","og_type":"article","og_title":"Estrategia de sostenibilidad - Muaret Textil","og_url":"https:\/\/muaret-textil.com\/es\/estrategia-de-sostenibilidad\/","og_site_name":"Muaret Textil","article_modified_time":"2024-03-26T11:39:13+00:00","twitter_card":"summary_large_image","twitter_misc":{"Tiempo de lectura":"1 minuto"},"schema":{"@context":"https:\/\/schema.org","@graph":[{"@type":"WebPage","@id":"https:\/\/muaret-textil.com\/es\/estrategia-de-sostenibilidad\/","url":"https:\/\/muaret-textil.com\/es\/estrategia-de-sostenibilidad\/","name":"Estrategia de sostenibilidad - Muaret Textil","isPartOf":{"@id":"https:\/\/muaret-textil.com\/es\/#website"},"datePublished":"2023-04-21T11:53:53+00:00","dateModified":"2024-03-26T11:39:13+00:00","breadcrumb":{"@id":"https:\/\/muaret-textil.com\/es\/estrategia-de-sostenibilidad\/#breadcrumb"},"inLanguage":"es","potentialAction":[{"@type":"ReadAction","target":["https:\/\/muaret-textil.com\/es\/estrategia-de-sostenibilidad\/"]}]},{"@type":"BreadcrumbList","@id":"https:\/\/muaret-textil.com\/es\/estrategia-de-sostenibilidad\/#breadcrumb","itemListElement":[{"@type":"ListItem","position":1,"name":"Home","item":"https:\/\/muaret-textil.com\/es\/"},{"@type":"ListItem","position":2,"name":"Estrategia de sostenibilidad"}]},{"@type":"WebSite","@id":"https:\/\/muaret-textil.com\/es\/#website","url":"https:\/\/muaret-textil.com\/es\/","name":"Muaret Textil","description":"Dise\u00f1o, fabricaci\u00f3n y comercializaci\u00f3n de tejidos t\u00e9cnicos","publisher":{"@id":"https:\/\/muaret-textil.com\/es\/#organization"},"potentialAction":[{"@type":"SearchAction","target":{"@type":"EntryPoint","urlTemplate":"https:\/\/muaret-textil.com\/es\/?s={search_term_string}"},"query-input":{"@type":"PropertyValueSpecification","valueRequired":true,"valueName":"search_term_string"}}],"inLanguage":"es"},{"@type":"Organization","@id":"https:\/\/muaret-textil.com\/es\/#organization","name":"Muaret Textil","url":"https:\/\/muaret-textil.com\/es\/","logo":{"@type":"ImageObject","inLanguage":"es","@id":"https:\/\/muaret-textil.com\/es\/#\/schema\/logo\/image\/","url":"https:\/\/muaret-textil.com\/wp-content\/uploads\/2022\/11\/logo-muaret.webp","contentUrl":"https:\/\/muaret-textil.com\/wp-content\/uploads\/2022\/11\/logo-muaret.webp","width":542,"height":702,"caption":"Muaret Textil"},"image":{"@id":"https:\/\/muaret-textil.com\/es\/#\/schema\/logo\/image\/"}}]}},"_links":{"self":[{"href":"https:\/\/muaret-textil.com\/es\/wp-json\/wp\/v2\/pages\/614","targetHints":{"allow":["GET"]}}],"collection":[{"href":"https:\/\/muaret-textil.com\/es\/wp-json\/wp\/v2\/pages"}],"about":[{"href":"https:\/\/muaret-textil.com\/es\/wp-json\/wp\/v2\/types\/page"}],"author":[{"embeddable":true,"href":"https:\/\/muaret-textil.com\/es\/wp-json\/wp\/v2\/users\/3"}],"replies":[{"embeddable":true,"href":"https:\/\/muaret-textil.com\/es\/wp-json\/wp\/v2\/comments?post=614"}],"version-history":[{"count":14,"href":"https:\/\/muaret-textil.com\/es\/wp-json\/wp\/v2\/pages\/614\/revisions"}],"predecessor-version":[{"id":1320,"href":"https:\/\/muaret-textil.com\/es\/wp-json\/wp\/v2\/pages\/614\/revisions\/1320"}],"wp:attachment":[{"href":"https:\/\/muaret-textil.com\/es\/wp-json\/wp\/v2\/media?parent=614"}],"curies":[{"name":"wp","href":"https:\/\/api.w.org\/{rel}","templated":true}]}}