{"id":641,"date":"2023-04-27T22:32:23","date_gmt":"2023-04-27T20:32:23","guid":{"rendered":"https:\/\/muaret-textil.com\/?page_id=641"},"modified":"2023-05-05T12:55:04","modified_gmt":"2023-05-05T10:55:04","slug":"kit-digital","status":"publish","type":"page","link":"https:\/\/muaret-textil.com\/es\/kit-digital\/","title":{"rendered":"Kit digital"},"content":{"rendered":"\n<div class=\"row\"  id=\"row-1195686817\">\n\n\n\t<div id=\"col-715528199\" class=\"col small-12 large-12\"  >\n\t\t\t\t<div class=\"col-inner\"  >\n\t\t\t\n\t\t\t\n\n<p>Financiado por la Uni\u00f3n Europea &#8211; NextGenerationEU. Sin embargo, los puntos de vista y las opiniones expresadas son \u00fanicamente los del autor o autores y no reflejan necesariamente los de la Uni\u00f3n Europea o la Comisi\u00f3n Europea. Ni la Uni\u00f3n Europea ni la Comisi\u00f3n Europea pueden ser consideradas responsables de las mismas<\/p>\n\n<div class=\"row\"  id=\"row-1654941613\">\n\n\n\t<div id=\"col-1310407330\" class=\"col small-12 large-12\"  >\n\t\t\t\t<div class=\"col-inner text-center\"  >\n\t\t\t\n\t\t\t\n\n\t<div class=\"img has-hover x md-x lg-x y md-y lg-y\" id=\"image_1887838680\">\n\t\t\t\t\t\t\t\t<div class=\"img-inner dark\" >\n\t\t\t<img loading=\"lazy\" decoding=\"async\" width=\"1020\" height=\"119\" src=\"https:\/\/muaret-textil.com\/wp-content\/uploads\/2023\/04\/kit-digital-logo-1024x119.webp\" class=\"attachment-large size-large\" alt=\"\" srcset=\"https:\/\/muaret-textil.com\/wp-content\/uploads\/2023\/04\/kit-digital-logo-1024x119.webp 1024w, https:\/\/muaret-textil.com\/wp-content\/uploads\/2023\/04\/kit-digital-logo-300x35.webp 300w, https:\/\/muaret-textil.com\/wp-content\/uploads\/2023\/04\/kit-digital-logo-768x89.webp 768w, https:\/\/muaret-textil.com\/wp-content\/uploads\/2023\/04\/kit-digital-logo.webp 1536w\" sizes=\"auto, (max-width: 1020px) 100vw, 1020px\" \/>\t\t\t\t\t\t\n\t\t\t\t\t<\/div>\n\t\t\t\t\t\t\t\t\n<style>\n#image_1887838680 {\n  width: 85%;\n}\n<\/style>\n\t<\/div>\n\t\n\n\n\t\t<\/div>\n\t\t\t\t\t<\/div>\n\n\t\n\n<\/div>\n\n\t\t<\/div>\n\t\t\t\t\t<\/div>\n\n\t\n\n<\/div>\n","protected":false},"excerpt":{"rendered":"","protected":false},"author":3,"featured_media":0,"parent":0,"menu_order":0,"comment_status":"closed","ping_status":"closed","template":"","meta":{"footnotes":""},"class_list":["post-641","page","type-page","status-publish","hentry"],"yoast_head":"<!-- This site is optimized with the Yoast SEO plugin v27.1.1 - https:\/\/yoast.com\/product\/yoast-seo-wordpress\/ -->\n<title>Kit digital - Muaret Textil<\/title>\n<meta name=\"robots\" content=\"noindex, nofollow\" \/>\n<meta property=\"og:locale\" content=\"es_ES\" \/>\n<meta property=\"og:type\" content=\"article\" \/>\n<meta property=\"og:title\" content=\"Kit digital - Muaret Textil\" \/>\n<meta property=\"og:url\" content=\"https:\/\/muaret-textil.com\/es\/kit-digital\/\" \/>\n<meta property=\"og:site_name\" content=\"Muaret Textil\" \/>\n<meta property=\"article:modified_time\" content=\"2023-05-05T10:55:04+00:00\" \/>\n<meta name=\"twitter:card\" content=\"summary_large_image\" \/>\n<meta name=\"twitter:label1\" content=\"Tiempo de lectura\" \/>\n\t<meta name=\"twitter:data1\" content=\"1 minuto\" \/>\n<script type=\"application\/ld+json\" class=\"yoast-schema-graph\">{\"@context\":\"https:\/\/schema.org\",\"@graph\":[{\"@type\":\"WebPage\",\"@id\":\"https:\/\/muaret-textil.com\/es\/kit-digital\/\",\"url\":\"https:\/\/muaret-textil.com\/es\/kit-digital\/\",\"name\":\"Kit digital - Muaret Textil\",\"isPartOf\":{\"@id\":\"https:\/\/muaret-textil.com\/es\/#website\"},\"datePublished\":\"2023-04-27T20:32:23+00:00\",\"dateModified\":\"2023-05-05T10:55:04+00:00\",\"breadcrumb\":{\"@id\":\"https:\/\/muaret-textil.com\/es\/kit-digital\/#breadcrumb\"},\"inLanguage\":\"es\",\"potentialAction\":[{\"@type\":\"ReadAction\",\"target\":[\"https:\/\/muaret-textil.com\/es\/kit-digital\/\"]}]},{\"@type\":\"BreadcrumbList\",\"@id\":\"https:\/\/muaret-textil.com\/es\/kit-digital\/#breadcrumb\",\"itemListElement\":[{\"@type\":\"ListItem\",\"position\":1,\"name\":\"Home\",\"item\":\"https:\/\/muaret-textil.com\/es\/\"},{\"@type\":\"ListItem\",\"position\":2,\"name\":\"Kit digital\"}]},{\"@type\":\"WebSite\",\"@id\":\"https:\/\/muaret-textil.com\/es\/#website\",\"url\":\"https:\/\/muaret-textil.com\/es\/\",\"name\":\"Muaret Textil\",\"description\":\"Dise\u00f1o, fabricaci\u00f3n y comercializaci\u00f3n de tejidos t\u00e9cnicos\",\"publisher\":{\"@id\":\"https:\/\/muaret-textil.com\/es\/#organization\"},\"potentialAction\":[{\"@type\":\"SearchAction\",\"target\":{\"@type\":\"EntryPoint\",\"urlTemplate\":\"https:\/\/muaret-textil.com\/es\/?s={search_term_string}\"},\"query-input\":{\"@type\":\"PropertyValueSpecification\",\"valueRequired\":true,\"valueName\":\"search_term_string\"}}],\"inLanguage\":\"es\"},{\"@type\":\"Organization\",\"@id\":\"https:\/\/muaret-textil.com\/es\/#organization\",\"name\":\"Muaret Textil\",\"url\":\"https:\/\/muaret-textil.com\/es\/\",\"logo\":{\"@type\":\"ImageObject\",\"inLanguage\":\"es\",\"@id\":\"https:\/\/muaret-textil.com\/es\/#\/schema\/logo\/image\/\",\"url\":\"https:\/\/muaret-textil.com\/wp-content\/uploads\/2022\/11\/logo-muaret.webp\",\"contentUrl\":\"https:\/\/muaret-textil.com\/wp-content\/uploads\/2022\/11\/logo-muaret.webp\",\"width\":542,\"height\":702,\"caption\":\"Muaret Textil\"},\"image\":{\"@id\":\"https:\/\/muaret-textil.com\/es\/#\/schema\/logo\/image\/\"}}]}<\/script>\n<!-- \/ Yoast SEO plugin. -->","yoast_head_json":{"title":"Kit digital - Muaret Textil","robots":{"index":"noindex","follow":"nofollow"},"og_locale":"es_ES","og_type":"article","og_title":"Kit digital - Muaret Textil","og_url":"https:\/\/muaret-textil.com\/es\/kit-digital\/","og_site_name":"Muaret Textil","article_modified_time":"2023-05-05T10:55:04+00:00","twitter_card":"summary_large_image","twitter_misc":{"Tiempo de lectura":"1 minuto"},"schema":{"@context":"https:\/\/schema.org","@graph":[{"@type":"WebPage","@id":"https:\/\/muaret-textil.com\/es\/kit-digital\/","url":"https:\/\/muaret-textil.com\/es\/kit-digital\/","name":"Kit digital - Muaret Textil","isPartOf":{"@id":"https:\/\/muaret-textil.com\/es\/#website"},"datePublished":"2023-04-27T20:32:23+00:00","dateModified":"2023-05-05T10:55:04+00:00","breadcrumb":{"@id":"https:\/\/muaret-textil.com\/es\/kit-digital\/#breadcrumb"},"inLanguage":"es","potentialAction":[{"@type":"ReadAction","target":["https:\/\/muaret-textil.com\/es\/kit-digital\/"]}]},{"@type":"BreadcrumbList","@id":"https:\/\/muaret-textil.com\/es\/kit-digital\/#breadcrumb","itemListElement":[{"@type":"ListItem","position":1,"name":"Home","item":"https:\/\/muaret-textil.com\/es\/"},{"@type":"ListItem","position":2,"name":"Kit digital"}]},{"@type":"WebSite","@id":"https:\/\/muaret-textil.com\/es\/#website","url":"https:\/\/muaret-textil.com\/es\/","name":"Muaret Textil","description":"Dise\u00f1o, fabricaci\u00f3n y comercializaci\u00f3n de tejidos t\u00e9cnicos","publisher":{"@id":"https:\/\/muaret-textil.com\/es\/#organization"},"potentialAction":[{"@type":"SearchAction","target":{"@type":"EntryPoint","urlTemplate":"https:\/\/muaret-textil.com\/es\/?s={search_term_string}"},"query-input":{"@type":"PropertyValueSpecification","valueRequired":true,"valueName":"search_term_string"}}],"inLanguage":"es"},{"@type":"Organization","@id":"https:\/\/muaret-textil.com\/es\/#organization","name":"Muaret Textil","url":"https:\/\/muaret-textil.com\/es\/","logo":{"@type":"ImageObject","inLanguage":"es","@id":"https:\/\/muaret-textil.com\/es\/#\/schema\/logo\/image\/","url":"https:\/\/muaret-textil.com\/wp-content\/uploads\/2022\/11\/logo-muaret.webp","contentUrl":"https:\/\/muaret-textil.com\/wp-content\/uploads\/2022\/11\/logo-muaret.webp","width":542,"height":702,"caption":"Muaret Textil"},"image":{"@id":"https:\/\/muaret-textil.com\/es\/#\/schema\/logo\/image\/"}}]}},"_links":{"self":[{"href":"https:\/\/muaret-textil.com\/es\/wp-json\/wp\/v2\/pages\/641","targetHints":{"allow":["GET"]}}],"collection":[{"href":"https:\/\/muaret-textil.com\/es\/wp-json\/wp\/v2\/pages"}],"about":[{"href":"https:\/\/muaret-textil.com\/es\/wp-json\/wp\/v2\/types\/page"}],"author":[{"embeddable":true,"href":"https:\/\/muaret-textil.com\/es\/wp-json\/wp\/v2\/users\/3"}],"replies":[{"embeddable":true,"href":"https:\/\/muaret-textil.com\/es\/wp-json\/wp\/v2\/comments?post=641"}],"version-history":[{"count":4,"href":"https:\/\/muaret-textil.com\/es\/wp-json\/wp\/v2\/pages\/641\/revisions"}],"predecessor-version":[{"id":647,"href":"https:\/\/muaret-textil.com\/es\/wp-json\/wp\/v2\/pages\/641\/revisions\/647"}],"wp:attachment":[{"href":"https:\/\/muaret-textil.com\/es\/wp-json\/wp\/v2\/media?parent=641"}],"curies":[{"name":"wp","href":"https:\/\/api.w.org\/{rel}","templated":true}]}}