{"id":817,"date":"2022-11-04T14:16:55","date_gmt":"2022-11-04T12:16:55","guid":{"rendered":"https:\/\/muaret-textil.com\/lentreprise\/"},"modified":"2023-05-17T10:43:35","modified_gmt":"2023-05-17T08:43:35","slug":"lentreprise","status":"publish","type":"page","link":"https:\/\/muaret-textil.com\/fr\/lentreprise\/","title":{"rendered":"L&rsquo;entreprise"},"content":{"rendered":"\n\n\t<section class=\"section dark\" id=\"section_334632016\">\n\t\t<div class=\"section-bg fill\" >\n\t\t\t<img loading=\"lazy\" decoding=\"async\" width=\"2160\" height=\"1440\" src=\"https:\/\/muaret-textil.com\/wp-content\/uploads\/2023\/02\/tradicion-muaret-maquina-medidor-metros.webp\" class=\"bg attachment- size-\" alt=\"\" \/>\t\t\t\t\t\t\n\t\t\t\n\n\t\t<\/div>\n\n\t\t\n\n\t\t<div class=\"section-content relative\">\n\t\t\t\n\n<div class=\"row\"  id=\"row-1017043998\">\n\n\n\t<div id=\"col-1557144065\" class=\"col small-12 large-12\"  >\n\t\t\t\t<div class=\"col-inner\"  >\n\t\t\t\n\t\t\t\n\n\t<div id=\"text-2529927488\" class=\"text\">\n\t\t\n\n<h1 class=\"uppercase\">Notre histoire<\/h1>\n\t\t\n<style>\n#text-2529927488 {\n  font-size: 2rem;\n  text-align: center;\n}\n<\/style>\n\t<\/div>\n\t\n\n\t\t<\/div>\n\t\t\t\t\t<\/div>\n\n\t\n\n<\/div>\n\n\t\t<\/div>\n\n\t\t\n<style>\n#section_334632016 {\n  padding-top: 90px;\n  padding-bottom: 90px;\n  background-color: rgb(40, 40, 40);\n}\n<\/style>\n\t<\/section>\n\t\n\n\t<section class=\"section\" id=\"section_1624570827\">\n\t\t<div class=\"section-bg fill\" >\n\t\t\t\t\t\t\t\t\t<div class=\"section-bg-overlay absolute fill\"><\/div>\n\t\t\t\n\n\t\t<\/div>\n\n\t\t\n\n\t\t<div class=\"section-content relative\">\n\t\t\t\n\n<div class=\"row row-large align-middle\"  id=\"row-1024074838\">\n\n\n\t<div id=\"col-1615683090\" class=\"col medium-6 small-12 large-6\"  >\n\t\t\t\t<div class=\"col-inner text-left\"  >\n\t\t\t\n\t\t\t\n\n<h2>Une entreprise \u00c0 L&rsquo;AVANT-GARDE<\/h2>\r\n<div class=\"is-divider divider clearfix\" style=\"max-width:200px;height:1px;background-color:rgb(0, 0, 0);\"><\/div>\r\n\r\n<p>Situ\u00e9 \u00e0 Terrassa (Barcelone),   de l\u2019industrie textile, nous sommes une entreprise avec une \u00e9quipe professionnelle de 40 ans d\u2019exp\u00e9rience dans la conception, la fabrication et la vente de tissus techniques, en particulier pour le secteur des transports publics en Espagne et pour le march\u00e9 international. Nous nous sp\u00e9cialisons \u00e9galement dans les tissus r\u00e9gionaux avec un portefeuille important de conceptions de tissus pour costumes, en offrant de nouvelles conceptions mises \u00e0 jour sur les tissus traditionnels.<\/p>\n\n\t\t<\/div>\n\t\t\t\t\t<\/div>\n\n\t\n\n\t<div id=\"col-942963260\" class=\"col medium-6 small-12 large-6\"  >\n\t\t\t\t<div class=\"col-inner\"  >\n\t\t\t\n\t\t\t\n\n\t<div class=\"img has-hover x md-x lg-x y md-y lg-y\" id=\"image_1570671214\">\n\t\t\t\t\t\t\t\t<div class=\"img-inner dark\" >\n\t\t\t<img loading=\"lazy\" decoding=\"async\" width=\"1020\" height=\"680\" src=\"https:\/\/muaret-textil.com\/wp-content\/uploads\/2022\/11\/historia-muaret-textil-1024x683.webp\" class=\"attachment-large size-large\" alt=\"\" srcset=\"https:\/\/muaret-textil.com\/wp-content\/uploads\/2022\/11\/historia-muaret-textil-1024x683.webp 1024w, https:\/\/muaret-textil.com\/wp-content\/uploads\/2022\/11\/historia-muaret-textil-300x200.webp 300w, https:\/\/muaret-textil.com\/wp-content\/uploads\/2022\/11\/historia-muaret-textil-768x512.webp 768w, https:\/\/muaret-textil.com\/wp-content\/uploads\/2022\/11\/historia-muaret-textil-1536x1024.webp 1536w, https:\/\/muaret-textil.com\/wp-content\/uploads\/2022\/11\/historia-muaret-textil-2048x1365.webp 2048w\" sizes=\"auto, (max-width: 1020px) 100vw, 1020px\" \/>\t\t\t\t\t\t\n\t\t\t\t\t<\/div>\n\t\t\t\t\t\t\t\t\n<style>\n#image_1570671214 {\n  width: 100%;\n}\n<\/style>\n\t<\/div>\n\t\n\n\n\t\t<\/div>\n\t\t\t\t\t<\/div>\n\n\t\n\n\n<style>\n#row-1024074838 > .col > .col-inner {\n  padding: 20px 0px 0px 0px;\n}\n<\/style>\n<\/div>\n\n\t\t<\/div>\n\n\t\t\n<style>\n#section_1624570827 {\n  padding-top: 30px;\n  padding-bottom: 30px;\n}\n#section_1624570827 .section-bg-overlay {\n  background-color: rgba(255, 255, 255, 0.85);\n}\n<\/style>\n\t<\/section>\n\t\n\n\t<section class=\"section\" id=\"section_1016050531\">\n\t\t<div class=\"section-bg fill\" >\n\t\t\t\t\t\t\t\t\t\n\t\t\t\n\n\t\t<\/div>\n\n\t\t\n\n\t\t<div class=\"section-content relative\">\n\t\t\t\n\n<div class=\"row\"  id=\"row-605213202\">\n\n\n\t<div id=\"col-471350463\" class=\"col small-12 large-12\"  >\n\t\t\t\t<div class=\"col-inner\"  >\n\t\t\t\n\t\t\t\n\n<blockquote>\r\n<p><span style=\"font-weight: 400;\">Nous connaissons et comprenons les besoins de nos clients pour leur proposer des produits adapt\u00e9s \u00e0 leur activit\u00e9 et personnalis\u00e9s pour chacun de leurs projets.<\/span><\/p>\r\n<\/blockquote>\n\n\t\t<\/div>\n\t\t\t\t\n<style>\n#col-471350463 > .col-inner {\n  margin: 0px 0px -50px 0px;\n}\n<\/style>\n\t<\/div>\n\n\t\n\n<\/div>\n\n\t\t<\/div>\n\n\t\t\n<style>\n#section_1016050531 {\n  padding-top: 30px;\n  padding-bottom: 30px;\n}\n<\/style>\n\t<\/section>\n\t\n\n\t<section class=\"section\" id=\"section_1446059463\">\n\t\t<div class=\"section-bg fill\" >\n\t\t\t\t\t\t\t\t\t<div class=\"section-bg-overlay absolute fill\"><\/div>\n\t\t\t\n\n\t\t<\/div>\n\n\t\t\n\n\t\t<div class=\"section-content relative\">\n\t\t\t\n\n<div class=\"row row-large align-middle\"  id=\"row-680269784\">\n\n\n\t<div id=\"col-1147746369\" class=\"col medium-6 small-12 large-6\"  >\n\t\t\t\t<div class=\"col-inner\"  >\n\t\t\t\n\t\t\t\n\n\t<div class=\"img has-hover x md-x lg-x y md-y lg-y\" id=\"image_1426776494\">\n\t\t\t\t\t\t\t\t<div class=\"img-inner dark\" >\n\t\t\t<img loading=\"lazy\" decoding=\"async\" width=\"1020\" height=\"680\" src=\"https:\/\/muaret-textil.com\/wp-content\/uploads\/2022\/11\/historia-muaret-textil-2-1024x683.webp\" class=\"attachment-large size-large\" alt=\"\" srcset=\"https:\/\/muaret-textil.com\/wp-content\/uploads\/2022\/11\/historia-muaret-textil-2-1024x683.webp 1024w, https:\/\/muaret-textil.com\/wp-content\/uploads\/2022\/11\/historia-muaret-textil-2-300x200.webp 300w, https:\/\/muaret-textil.com\/wp-content\/uploads\/2022\/11\/historia-muaret-textil-2-768x512.webp 768w, https:\/\/muaret-textil.com\/wp-content\/uploads\/2022\/11\/historia-muaret-textil-2-1536x1024.webp 1536w, https:\/\/muaret-textil.com\/wp-content\/uploads\/2022\/11\/historia-muaret-textil-2-2048x1365.webp 2048w\" sizes=\"auto, (max-width: 1020px) 100vw, 1020px\" \/>\t\t\t\t\t\t\n\t\t\t\t\t<\/div>\n\t\t\t\t\t\t\t\t\n<style>\n#image_1426776494 {\n  width: 100%;\n}\n<\/style>\n\t<\/div>\n\t\n\n\n\t\t<\/div>\n\t\t\t\t\t<\/div>\n\n\t\n\n\t<div id=\"col-1041046521\" class=\"col medium-6 small-12 large-6 small-col-first\"  >\n\t\t\t\t<div class=\"col-inner text-left\"  >\n\t\t\t\n\t\t\t\n\n<h2>Les meilleures SOLUTIONS POUR LES TEXTILES INDUSTRIELS<\/h2>\r\n<div class=\"is-divider divider clearfix\" style=\"max-width:200px;height:1px;background-color:rgb(0, 0, 0);\"><\/div>\r\n\r\n<p>Nous avons un plan d&rsquo;affaires clair, une tra\u00e7abilit\u00e9 pr\u00e9cise et un excellent contr\u00f4le de la qualit\u00e9, ainsi que l&rsquo;engagement social et environnemental dans notre travail. Tout cela nous donne une garantie et une fiabilit\u00e9 en tant que collaborateurs pour r\u00e9pondre aux exigences de chacun des projets que nos clients nous confient.<\/p>\n\n\t\t<\/div>\n\t\t\t\t\t<\/div>\n\n\t\n\n\n<style>\n#row-680269784 > .col > .col-inner {\n  padding: 0px 0px 0px 0px;\n}\n<\/style>\n<\/div>\n\n\t\t<\/div>\n\n\t\t\n<style>\n#section_1446059463 {\n  padding-top: 60px;\n  padding-bottom: 60px;\n}\n#section_1446059463 .section-bg-overlay {\n  background-color: rgba(255, 255, 255, 0.85);\n}\n<\/style>\n\t<\/section>\n\t\n\n","protected":false},"excerpt":{"rendered":"","protected":false},"author":3,"featured_media":0,"parent":0,"menu_order":10,"comment_status":"closed","ping_status":"closed","template":"page-blank.php","meta":{"footnotes":""},"class_list":["post-817","page","type-page","status-publish","hentry"],"yoast_head":"<!-- This site is optimized with the Yoast SEO plugin v27.1.1 - https:\/\/yoast.com\/product\/yoast-seo-wordpress\/ -->\n<title>Histoire de l&#039;entreprise | Muaret Textil<\/title>\n<meta name=\"description\" content=\"D\u00e9couvrez l&#039;histoire de Muaret Textil, une entreprise avec une \u00e9quipe de plus de 40 ans d&#039;exp\u00e9rience qui fabrique des tissus techniques de haute qualit\u00e9.\" \/>\n<meta name=\"robots\" content=\"index, follow, max-snippet:-1, max-image-preview:large, max-video-preview:-1\" \/>\n<link rel=\"canonical\" href=\"https:\/\/muaret-textil.com\/fr\/lentreprise\/\" \/>\n<meta property=\"og:locale\" content=\"fr_FR\" \/>\n<meta property=\"og:type\" content=\"article\" \/>\n<meta property=\"og:title\" content=\"Histoire de l&#039;entreprise | Muaret Textil\" \/>\n<meta property=\"og:description\" content=\"D\u00e9couvrez l&#039;histoire de Muaret Textil, une entreprise avec une \u00e9quipe de plus de 40 ans d&#039;exp\u00e9rience qui fabrique des tissus techniques de haute qualit\u00e9.\" \/>\n<meta property=\"og:url\" content=\"https:\/\/muaret-textil.com\/fr\/lentreprise\/\" \/>\n<meta property=\"og:site_name\" content=\"Muaret Textil\" \/>\n<meta property=\"article:modified_time\" content=\"2023-05-17T08:43:35+00:00\" \/>\n<meta name=\"twitter:card\" content=\"summary_large_image\" \/>\n<meta name=\"twitter:label1\" content=\"Dur\u00e9e de lecture estim\u00e9e\" \/>\n\t<meta name=\"twitter:data1\" content=\"2 minutes\" \/>\n<script type=\"application\/ld+json\" class=\"yoast-schema-graph\">{\"@context\":\"https:\/\/schema.org\",\"@graph\":[{\"@type\":\"WebPage\",\"@id\":\"https:\/\/muaret-textil.com\/fr\/lentreprise\/\",\"url\":\"https:\/\/muaret-textil.com\/fr\/lentreprise\/\",\"name\":\"Histoire de l'entreprise | Muaret Textil\",\"isPartOf\":{\"@id\":\"https:\/\/muaret-textil.com\/fr\/#website\"},\"datePublished\":\"2022-11-04T12:16:55+00:00\",\"dateModified\":\"2023-05-17T08:43:35+00:00\",\"description\":\"D\u00e9couvrez l'histoire de Muaret Textil, une entreprise avec une \u00e9quipe de plus de 40 ans d'exp\u00e9rience qui fabrique des tissus techniques de haute qualit\u00e9.\",\"breadcrumb\":{\"@id\":\"https:\/\/muaret-textil.com\/fr\/lentreprise\/#breadcrumb\"},\"inLanguage\":\"fr-FR\",\"potentialAction\":[{\"@type\":\"ReadAction\",\"target\":[\"https:\/\/muaret-textil.com\/fr\/lentreprise\/\"]}]},{\"@type\":\"BreadcrumbList\",\"@id\":\"https:\/\/muaret-textil.com\/fr\/lentreprise\/#breadcrumb\",\"itemListElement\":[{\"@type\":\"ListItem\",\"position\":1,\"name\":\"Home\",\"item\":\"https:\/\/muaret-textil.com\/fr\/home\/\"},{\"@type\":\"ListItem\",\"position\":2,\"name\":\"L&rsquo;entreprise\"}]},{\"@type\":\"WebSite\",\"@id\":\"https:\/\/muaret-textil.com\/fr\/#website\",\"url\":\"https:\/\/muaret-textil.com\/fr\/\",\"name\":\"Muaret Textil\",\"description\":\"Dise\u00f1o, fabricaci\u00f3n y comercializaci\u00f3n de tejidos t\u00e9cnicos\",\"publisher\":{\"@id\":\"https:\/\/muaret-textil.com\/fr\/#organization\"},\"potentialAction\":[{\"@type\":\"SearchAction\",\"target\":{\"@type\":\"EntryPoint\",\"urlTemplate\":\"https:\/\/muaret-textil.com\/fr\/?s={search_term_string}\"},\"query-input\":{\"@type\":\"PropertyValueSpecification\",\"valueRequired\":true,\"valueName\":\"search_term_string\"}}],\"inLanguage\":\"fr-FR\"},{\"@type\":\"Organization\",\"@id\":\"https:\/\/muaret-textil.com\/fr\/#organization\",\"name\":\"Muaret Textil\",\"url\":\"https:\/\/muaret-textil.com\/fr\/\",\"logo\":{\"@type\":\"ImageObject\",\"inLanguage\":\"fr-FR\",\"@id\":\"https:\/\/muaret-textil.com\/fr\/#\/schema\/logo\/image\/\",\"url\":\"https:\/\/muaret-textil.com\/wp-content\/uploads\/2022\/11\/logo-muaret.webp\",\"contentUrl\":\"https:\/\/muaret-textil.com\/wp-content\/uploads\/2022\/11\/logo-muaret.webp\",\"width\":542,\"height\":702,\"caption\":\"Muaret Textil\"},\"image\":{\"@id\":\"https:\/\/muaret-textil.com\/fr\/#\/schema\/logo\/image\/\"}}]}<\/script>\n<!-- \/ Yoast SEO plugin. -->","yoast_head_json":{"title":"Histoire de l'entreprise | Muaret Textil","description":"D\u00e9couvrez l'histoire de Muaret Textil, une entreprise avec une \u00e9quipe de plus de 40 ans d'exp\u00e9rience qui fabrique des tissus techniques de haute qualit\u00e9.","robots":{"index":"index","follow":"follow","max-snippet":"max-snippet:-1","max-image-preview":"max-image-preview:large","max-video-preview":"max-video-preview:-1"},"canonical":"https:\/\/muaret-textil.com\/fr\/lentreprise\/","og_locale":"fr_FR","og_type":"article","og_title":"Histoire de l'entreprise | Muaret Textil","og_description":"D\u00e9couvrez l'histoire de Muaret Textil, une entreprise avec une \u00e9quipe de plus de 40 ans d'exp\u00e9rience qui fabrique des tissus techniques de haute qualit\u00e9.","og_url":"https:\/\/muaret-textil.com\/fr\/lentreprise\/","og_site_name":"Muaret Textil","article_modified_time":"2023-05-17T08:43:35+00:00","twitter_card":"summary_large_image","twitter_misc":{"Dur\u00e9e de lecture estim\u00e9e":"2 minutes"},"schema":{"@context":"https:\/\/schema.org","@graph":[{"@type":"WebPage","@id":"https:\/\/muaret-textil.com\/fr\/lentreprise\/","url":"https:\/\/muaret-textil.com\/fr\/lentreprise\/","name":"Histoire de l'entreprise | Muaret Textil","isPartOf":{"@id":"https:\/\/muaret-textil.com\/fr\/#website"},"datePublished":"2022-11-04T12:16:55+00:00","dateModified":"2023-05-17T08:43:35+00:00","description":"D\u00e9couvrez l'histoire de Muaret Textil, une entreprise avec une \u00e9quipe de plus de 40 ans d'exp\u00e9rience qui fabrique des tissus techniques de haute qualit\u00e9.","breadcrumb":{"@id":"https:\/\/muaret-textil.com\/fr\/lentreprise\/#breadcrumb"},"inLanguage":"fr-FR","potentialAction":[{"@type":"ReadAction","target":["https:\/\/muaret-textil.com\/fr\/lentreprise\/"]}]},{"@type":"BreadcrumbList","@id":"https:\/\/muaret-textil.com\/fr\/lentreprise\/#breadcrumb","itemListElement":[{"@type":"ListItem","position":1,"name":"Home","item":"https:\/\/muaret-textil.com\/fr\/home\/"},{"@type":"ListItem","position":2,"name":"L&rsquo;entreprise"}]},{"@type":"WebSite","@id":"https:\/\/muaret-textil.com\/fr\/#website","url":"https:\/\/muaret-textil.com\/fr\/","name":"Muaret Textil","description":"Dise\u00f1o, fabricaci\u00f3n y comercializaci\u00f3n de tejidos t\u00e9cnicos","publisher":{"@id":"https:\/\/muaret-textil.com\/fr\/#organization"},"potentialAction":[{"@type":"SearchAction","target":{"@type":"EntryPoint","urlTemplate":"https:\/\/muaret-textil.com\/fr\/?s={search_term_string}"},"query-input":{"@type":"PropertyValueSpecification","valueRequired":true,"valueName":"search_term_string"}}],"inLanguage":"fr-FR"},{"@type":"Organization","@id":"https:\/\/muaret-textil.com\/fr\/#organization","name":"Muaret Textil","url":"https:\/\/muaret-textil.com\/fr\/","logo":{"@type":"ImageObject","inLanguage":"fr-FR","@id":"https:\/\/muaret-textil.com\/fr\/#\/schema\/logo\/image\/","url":"https:\/\/muaret-textil.com\/wp-content\/uploads\/2022\/11\/logo-muaret.webp","contentUrl":"https:\/\/muaret-textil.com\/wp-content\/uploads\/2022\/11\/logo-muaret.webp","width":542,"height":702,"caption":"Muaret Textil"},"image":{"@id":"https:\/\/muaret-textil.com\/fr\/#\/schema\/logo\/image\/"}}]}},"_links":{"self":[{"href":"https:\/\/muaret-textil.com\/fr\/wp-json\/wp\/v2\/pages\/817","targetHints":{"allow":["GET"]}}],"collection":[{"href":"https:\/\/muaret-textil.com\/fr\/wp-json\/wp\/v2\/pages"}],"about":[{"href":"https:\/\/muaret-textil.com\/fr\/wp-json\/wp\/v2\/types\/page"}],"author":[{"embeddable":true,"href":"https:\/\/muaret-textil.com\/fr\/wp-json\/wp\/v2\/users\/3"}],"replies":[{"embeddable":true,"href":"https:\/\/muaret-textil.com\/fr\/wp-json\/wp\/v2\/comments?post=817"}],"version-history":[{"count":21,"href":"https:\/\/muaret-textil.com\/fr\/wp-json\/wp\/v2\/pages\/817\/revisions"}],"predecessor-version":[{"id":936,"href":"https:\/\/muaret-textil.com\/fr\/wp-json\/wp\/v2\/pages\/817\/revisions\/936"}],"wp:attachment":[{"href":"https:\/\/muaret-textil.com\/fr\/wp-json\/wp\/v2\/media?parent=817"}],"curies":[{"name":"wp","href":"https:\/\/api.w.org\/{rel}","templated":true}]}}